{"id":4430,"date":"2025-09-03T09:37:35","date_gmt":"2025-09-03T09:37:35","guid":{"rendered":"https:\/\/vagonynahorach.cz\/vechtrovna\/"},"modified":"2026-03-06T10:25:51","modified_gmt":"2026-03-06T10:25:51","slug":"waechterhaus","status":"publish","type":"page","link":"https:\/\/vagonynahorach.cz\/de\/waechterhaus\/","title":{"rendered":"W\u00c4CHTERHAUS"},"content":{"rendered":"<p>[et_pb_section fb_built=&#8220;1&#8243; custom_padding_last_edited=&#8220;off|desktop&#8220; admin_label=&#8220;Header Section&#8220; _builder_version=&#8220;4.27.4&#8243; use_background_color_gradient=&#8220;on&#8220; background_color_gradient_stops=&#8220;#ffffff 40%|rgba(255,255,255,0) 100%&#8220; background_color_gradient_overlays_image=&#8220;on&#8220; background_color_gradient_start=&#8220;#ffffff&#8220; background_color_gradient_start_position=&#8220;40%&#8220; background_color_gradient_end=&#8220;rgba(255,255,255,0)&#8220; background_image=&#8220;https:\/\/vagonynahorach.cz\/wp-content\/uploads\/2025\/08\/vechtr_titulka.jpeg&#8220; min_height_tablet=&#8220;&#8220; min_height_phone=&#8220;1000px&#8220; min_height_last_edited=&#8220;on|phone&#8220; custom_padding=&#8220;0.2%|0px|21.1%|0px||&#8220; custom_padding_tablet=&#8220;320px|0px|0px|0px&#8220; background_last_edited=&#8220;on|phone&#8220; use_background_color_gradient_phone=&#8220;off&#8220; background_size_phone=&#8220;contain&#8220; background_position_phone=&#8220;bottom_center&#8220; background_vertical_offset_phone=&#8220;0%&#8220; global_colors_info=&#8220;{}&#8220;][et_pb_row admin_label=&#8220;Kopfzeile&#8220; _builder_version=&#8220;4.16&#8243; global_colors_info=&#8220;{}&#8220;][et_pb_column type=&#8220;4_4&#8243; _builder_version=&#8220;4.16&#8243; custom_padding=&#8220;|||&#8220; global_colors_info=&#8220;{}&#8220; custom_padding__hover=&#8220;|||&#8220;][et_pb_text _builder_version=&#8220;4.22.2&#8243; text_font=&#8220;Open Sans|600|||||||&#8220; text_font_size=&#8220;16px&#8220; text_line_height=&#8220;1.8em&#8220; header_font=&#8220;Oswald|||on|||||&#8220; header_font_size=&#8220;60px&#8220; header_letter_spacing=&#8220;5px&#8220; header_line_height=&#8220;1.4em&#8220; text_orientation=&#8220;center&#8220; max_width=&#8220;700px&#8220; module_alignment=&#8220;center&#8220; text_font_size_tablet=&#8220;&#8220; text_font_size_phone=&#8220;&#8220; text_font_size_last_edited=&#8220;on|desktop&#8220; header_font_size_tablet=&#8220;60px&#8220; header_font_size_phone=&#8220;45px&#8220; header_font_size_last_edited=&#8220;on|phone&#8220; global_colors_info=&#8220;{}&#8220;]<\/p>\n<h1>W\u00c4CHTERHAUS<\/h1>\n<p>[\/et_pb_text][et_pb_text _builder_version=&#8220;4.22.2&#8243; _module_preset=&#8220;default&#8220; text_font=&#8220;Oswald||||||||&#8220; text_font_size=&#8220;20px&#8220; text_line_height=&#8220;1.9em&#8220; header_font=&#8220;|||on|||||&#8220; header_text_align=&#8220;center&#8220; header_line_height=&#8220;1.8em&#8220; text_orientation=&#8220;center&#8220; custom_padding=&#8220;46px|||||&#8220; text_font_size_tablet=&#8220;20px&#8220; text_font_size_phone=&#8220;20px&#8220; text_font_size_last_edited=&#8220;on|phone&#8220; global_colors_info=&#8220;{}&#8220;]<\/p>\n<p class=\"p1\">\u2026bewacht unseren kleinen Bahnhof Kov\u00e1\u0159sk\u00e1 ganz am Ende des Areals \u2013 dort, wo sich im Wald die Gleise treffen, also am Vejprty-Stellwerk. Der W\u00e4chter, also der Bewohner des W\u00e4chterhauses, war schlie\u00dflich der H\u00fcter der Strecke. Er wachte \u00fcber den Zustand der Schienen, Schrauben und Weichen und entfernte umgest\u00fcrzte B\u00e4ume. F\u00fcr einen Moment k\u00f6nnen auch Sie zum W\u00e4chter werden. Am Abend schalten Sie das Weichensignal ein und steigen in das Badefass. Zwei Dachzimmer bieten Platz f\u00fcr maximal vier Erwachsene oder eine f\u00fcnfk\u00f6pfige Familie.<\/p>\n<p>[\/et_pb_text][et_pb_button button_url=&#8220;#vechtr&#8220; button_text=&#8220;BUCHUNGSKALENDER&#8220; button_alignment=&#8220;center&#8220; _builder_version=&#8220;4.27.4&#8243; _module_preset=&#8220;default&#8220; custom_button=&#8220;on&#8220; button_text_size=&#8220;24px&#8220; button_text_color=&#8220;#000000&#8243; button_border_color=&#8220;#000000&#8243; custom_padding=&#8220;0px|||||&#8220; button_text_size_tablet=&#8220;24px&#8220; button_text_size_phone=&#8220;21px&#8220; button_text_size_last_edited=&#8220;on|phone&#8220; global_colors_info=&#8220;{}&#8220;][\/et_pb_button][\/et_pb_column][\/et_pb_row][\/et_pb_section][et_pb_section fb_built=&#8220;1&#8243; _builder_version=&#8220;4.16&#8243; _module_preset=&#8220;default&#8220; custom_padding=&#8220;43px||11px|||&#8220; global_colors_info=&#8220;{}&#8220;][et_pb_row _builder_version=&#8220;4.13.1&#8243; _module_preset=&#8220;default&#8220; global_module=&#8220;779&#8243; saved_tabs=&#8220;all&#8220; global_colors_info=&#8220;{}&#8220;][et_pb_column type=&#8220;4_4&#8243; _builder_version=&#8220;4.16&#8243; _module_preset=&#8220;default&#8220; global_colors_info=&#8220;{}&#8220;][et_pb_image src=&#8220;https:\/\/vagonynahorach.cz\/wp-content\/uploads\/2021\/11\/piktogramy-komplet.png&#8220; title_text=&#8220;piktogramy-komplet&#8220; src_tablet=&#8220;&#8220; src_phone=&#8220;&#8220; src_last_edited=&#8220;on|phone&#8220; _builder_version=&#8220;4.22.2&#8243; _module_preset=&#8220;default&#8220; max_width=&#8220;50%&#8220; max_width_tablet=&#8220;&#8220; max_width_phone=&#8220;100%&#8220; max_width_last_edited=&#8220;on|phone&#8220; module_alignment=&#8220;center&#8220; global_colors_info=&#8220;{}&#8220;][\/et_pb_image][\/et_pb_column][\/et_pb_row][et_pb_row column_structure=&#8220;1_2,1_2&#8243; _builder_version=&#8220;4.16&#8243; _module_preset=&#8220;default&#8220; global_colors_info=&#8220;{}&#8220;][et_pb_column type=&#8220;1_2&#8243; _builder_version=&#8220;4.16&#8243; _module_preset=&#8220;default&#8220; global_colors_info=&#8220;{}&#8220;][et_pb_text _builder_version=&#8220;4.22.2&#8243; _module_preset=&#8220;default&#8220; text_font=&#8220;Oswald||||||||&#8220; text_font_size=&#8220;20px&#8220; text_line_height=&#8220;1.8em&#8220; header_font=&#8220;|||on|||||&#8220; header_text_align=&#8220;center&#8220; header_line_height=&#8220;1.8em&#8220; text_orientation=&#8220;center&#8220; custom_padding=&#8220;1px|||||&#8220; text_font_size_tablet=&#8220;20px&#8220; text_font_size_phone=&#8220;17px&#8220; text_font_size_last_edited=&#8220;on|phone&#8220; header_font_size_tablet=&#8220;&#8220; header_font_size_phone=&#8220;25px&#8220; header_font_size_last_edited=&#8220;on|phone&#8220; global_colors_info=&#8220;{}&#8220;]<\/p>\n<h1><b>GANZJ\u00c4HRIGER KOMFORT<\/b><\/h1>\n<p class=\"p3\">Das W\u00e4chterhaus wird durch einen Kachelofen beheizt, erg\u00e4nzt durch Elektroheizungen im Dachgeschoss und eine Fu\u00dfbodenheizung im Badezimmer. F\u00fcr warmes Wasser sorgt ein Boiler. Das W\u00e4chterhaus ist das ganze Jahr \u00fcber mit dem Auto erreichbar.<\/p>\n<p>[\/et_pb_text][\/et_pb_column][et_pb_column type=&#8220;1_2&#8243; _builder_version=&#8220;4.16&#8243; _module_preset=&#8220;default&#8220; global_colors_info=&#8220;{}&#8220;][et_pb_text _builder_version=&#8220;4.22.2&#8243; _module_preset=&#8220;default&#8220; text_font=&#8220;Oswald||||||||&#8220; text_font_size=&#8220;20px&#8220; text_line_height=&#8220;1.8em&#8220; header_font=&#8220;|||on|||||&#8220; header_text_align=&#8220;center&#8220; header_line_height=&#8220;1.8em&#8220; text_orientation=&#8220;center&#8220; custom_padding=&#8220;1px|||||&#8220; text_font_size_tablet=&#8220;20px&#8220; text_font_size_phone=&#8220;17px&#8220; text_font_size_last_edited=&#8220;on|phone&#8220; header_font_size_tablet=&#8220;&#8220; header_font_size_phone=&#8220;25px&#8220; header_font_size_last_edited=&#8220;on|phone&#8220; global_colors_info=&#8220;{}&#8220;]<\/p>\n<h1><b>F\u00dcR KINDER AB 6 JAHREN geeignet<\/b><\/h1>\n<p class=\"p3\">Die relativ steile Wendeltreppe zu den Schlafzimmern sowie die unmittelbare N\u00e4he zur in Betrieb befindlichen Bahnstrecke stellen f\u00fcr kleine Kinder ein gewisses Risiko dar. Bitte ber\u00fccksichtigen Sie \u2013 auch im Hinblick auf die Beschaffenheit der Treppe \u2013 die motorischen F\u00e4higkeiten der untergebrachten Personen.<\/p>\n<p>[\/et_pb_text][\/et_pb_column][\/et_pb_row][et_pb_row column_structure=&#8220;1_2,1_2&#8243; _builder_version=&#8220;4.27.4&#8243; _module_preset=&#8220;default&#8220; global_colors_info=&#8220;{}&#8220;][et_pb_column type=&#8220;1_2&#8243; _builder_version=&#8220;4.27.4&#8243; _module_preset=&#8220;default&#8220; global_colors_info=&#8220;{}&#8220;][et_pb_text _builder_version=&#8220;4.22.2&#8243; _module_preset=&#8220;default&#8220; text_font=&#8220;Oswald||||||||&#8220; text_font_size=&#8220;20px&#8220; text_line_height=&#8220;1.8em&#8220; header_font=&#8220;|||on|||||&#8220; header_text_align=&#8220;center&#8220; header_line_height=&#8220;1.8em&#8220; text_orientation=&#8220;center&#8220; text_font_size_tablet=&#8220;20px&#8220; text_font_size_phone=&#8220;17px&#8220; text_font_size_last_edited=&#8220;on|desktop&#8220; header_font_size_tablet=&#8220;&#8220; header_font_size_phone=&#8220;25px&#8220; header_font_size_last_edited=&#8220;on|phone&#8220; global_colors_info=&#8220;{}&#8220;]<\/p>\n<h1><b>SCHLAFEN<\/b><\/h1>\n<p class=\"p1\">Im Dachgeschoss des W\u00e4chterhauses befinden sich zwei kleinere Schlafzimmer. In einem stehen zwei getrennte Betten, im anderen ein gro\u00dfes Doppelbett \u2013 ideal auch f\u00fcr Eltern mit einem kleineren Kind. Es erwarten Sie bezogene Decken und Kissen f\u00fcr maximal f\u00fcnf Personen sowie Handtuchsets. Ins Dachgeschoss f\u00fchrt eine schmale Wendeltreppe \u2013 bitte ber\u00fccksichtigen Sie Ihre k\u00f6rperlichen M\u00f6glichkeiten.<\/p>\n<p>[\/et_pb_text][\/et_pb_column][et_pb_column type=&#8220;1_2&#8243; _builder_version=&#8220;4.27.4&#8243; _module_preset=&#8220;default&#8220; global_colors_info=&#8220;{}&#8220;][et_pb_text _builder_version=&#8220;4.22.2&#8243; _module_preset=&#8220;default&#8220; text_font=&#8220;Oswald||||||||&#8220; text_font_size=&#8220;20px&#8220; text_line_height=&#8220;1.8em&#8220; header_font=&#8220;|||on|||||&#8220; header_text_align=&#8220;center&#8220; header_line_height=&#8220;1.8em&#8220; text_orientation=&#8220;center&#8220; custom_padding=&#8220;1px|||||&#8220; text_font_size_tablet=&#8220;20px&#8220; text_font_size_phone=&#8220;17px&#8220; text_font_size_last_edited=&#8220;on|phone&#8220; header_font_size_tablet=&#8220;&#8220; header_font_size_phone=&#8220;25px&#8220; header_font_size_last_edited=&#8220;on|phone&#8220; global_colors_info=&#8220;{}&#8220;]<\/p>\n<h1><b>BAD UND K\u00dcCHE<\/b><\/h1>\n<p class=\"p1\">Das moderne Badezimmer verf\u00fcgt \u00fcber eine warme Dusche und eine Sp\u00fcltoilette. Die K\u00fcche in der Stube ist nach unseren eigenen Anspr\u00fcchen ausgestattet \u2013 also mit allem, was man braucht: einem Induktionskochfeld, einem kleinen K\u00fchlschrank, einem Wasserkocher, einem Toaster sowie Geschirr, T\u00f6pfen und Pfannen. W\u00e4hrend der Heizsaison nutzen wir zum Kochen auch die kleine Kochplatte auf dem Kachelofen oder den integrierten Mini-Backofen.<\/p>\n<p>[\/et_pb_text][\/et_pb_column][\/et_pb_row][et_pb_row column_structure=&#8220;1_2,1_2&#8243; _builder_version=&#8220;4.16&#8243; _module_preset=&#8220;default&#8220; global_colors_info=&#8220;{}&#8220;][et_pb_column type=&#8220;1_2&#8243; _builder_version=&#8220;4.16&#8243; _module_preset=&#8220;default&#8220; global_colors_info=&#8220;{}&#8220;][et_pb_text _builder_version=&#8220;4.22.2&#8243; _module_preset=&#8220;default&#8220; text_font=&#8220;Oswald||||||||&#8220; text_font_size=&#8220;20px&#8220; text_line_height=&#8220;1.8em&#8220; header_font=&#8220;|||on|||||&#8220; header_text_align=&#8220;center&#8220; header_line_height=&#8220;1.8em&#8220; text_orientation=&#8220;center&#8220; text_font_size_tablet=&#8220;20px&#8220; text_font_size_phone=&#8220;17px&#8220; text_font_size_last_edited=&#8220;on|phone&#8220; header_font_size_tablet=&#8220;&#8220; header_font_size_phone=&#8220;25px&#8220; header_font_size_last_edited=&#8220;on|phone&#8220; global_colors_info=&#8220;{}&#8220;]<\/p>\n<h1><b>Haustiere<\/b><\/h1>\n<p class=\"p1\">Bitte bringen Sie keine Haustiere mit. Wir haben Tiere sehr gern, aber das Material im Innenraum des W\u00e4chterhauses ist nicht f\u00fcr Hunde\u00adkrallen und -z\u00e4hne ausgelegt.<\/p>\n<p>[\/et_pb_text][\/et_pb_column][et_pb_column type=&#8220;1_2&#8243; _builder_version=&#8220;4.16&#8243; _module_preset=&#8220;default&#8220; global_colors_info=&#8220;{}&#8220;][et_pb_text _builder_version=&#8220;4.22.2&#8243; _module_preset=&#8220;default&#8220; text_font=&#8220;Oswald||||||||&#8220; text_font_size=&#8220;20px&#8220; text_line_height=&#8220;1.8em&#8220; header_font=&#8220;|||on|||||&#8220; header_text_align=&#8220;center&#8220; header_line_height=&#8220;1.8em&#8220; text_orientation=&#8220;center&#8220; custom_padding=&#8220;1px|||||&#8220; text_font_size_tablet=&#8220;20px&#8220; text_font_size_phone=&#8220;17px&#8220; text_font_size_last_edited=&#8220;on|phone&#8220; header_font_size_tablet=&#8220;&#8220; header_font_size_phone=&#8220;25px&#8220; header_font_size_last_edited=&#8220;on|phone&#8220; global_colors_info=&#8220;{}&#8220;]<\/p>\n<h1><b>Zubeh\u00f6r<\/b><\/h1>\n<p class=\"p1\">Zum W\u00e4chterhaus geh\u00f6rt ein abschlie\u00dfbarer Raum f\u00fcr Ski oder Fahrr\u00e4der. Dort finden Sie auch Gartenm\u00f6bel f\u00fcr das Sitzen am Feuer, Spie\u00dfe zum Grillen von W\u00fcrstchen sowie weiteres Grillzubeh\u00f6r. Vor dem W\u00e4chterhaus befindet sich eine feste Feuerstelle mit Grill. Feuerholz steht zur Verf\u00fcgung.<\/p>\n<p>[\/et_pb_text][\/et_pb_column][\/et_pb_row][et_pb_row column_structure=&#8220;1_2,1_2&#8243; _builder_version=&#8220;4.16&#8243; _module_preset=&#8220;default&#8220; global_colors_info=&#8220;{}&#8220;][et_pb_column type=&#8220;1_2&#8243; _builder_version=&#8220;4.16&#8243; _module_preset=&#8220;default&#8220; global_colors_info=&#8220;{}&#8220;][et_pb_text _builder_version=&#8220;4.27.4&#8243; _module_preset=&#8220;default&#8220; text_font=&#8220;Oswald||||||||&#8220; text_font_size=&#8220;20px&#8220; text_line_height=&#8220;1.8em&#8220; header_font=&#8220;|||on|||||&#8220; header_text_align=&#8220;center&#8220; header_line_height=&#8220;1.8em&#8220; text_orientation=&#8220;center&#8220; text_font_size_tablet=&#8220;20px&#8220; text_font_size_phone=&#8220;17px&#8220; text_font_size_last_edited=&#8220;on|phone&#8220; header_font_size_tablet=&#8220;&#8220; header_font_size_phone=&#8220;25px&#8220; header_font_size_last_edited=&#8220;on|phone&#8220; global_colors_info=&#8220;{}&#8220;]<\/p>\n<h1><b>BADEFASS<\/b><\/h1>\n<p class=\"p1\">Gerade im Winter, aber auch an k\u00fchlen Abenden w\u00e4hrend des ganzen Jahres, kann Ihnen ein warmes Bad im Badefass ausgesprochen guttun. Beim Anheizen des Badefasses k\u00f6nnen wir Ihnen am Tag Ihrer Anreise helfen. Es steht direkt neben dem W\u00e4chterhaus an einem diskreten, gesch\u00fctzten Platz.<\/p>\n<p>[\/et_pb_text][\/et_pb_column][et_pb_column type=&#8220;1_2&#8243; _builder_version=&#8220;4.16&#8243; _module_preset=&#8220;default&#8220; global_colors_info=&#8220;{}&#8220;][et_pb_text _builder_version=&#8220;4.22.2&#8243; _module_preset=&#8220;default&#8220; text_font=&#8220;Oswald||||||||&#8220; text_font_size=&#8220;20px&#8220; text_line_height=&#8220;1.8em&#8220; header_font=&#8220;|||on|||||&#8220; header_text_align=&#8220;center&#8220; header_line_height=&#8220;1.8em&#8220; text_orientation=&#8220;center&#8220; custom_padding=&#8220;1px|||||&#8220; text_font_size_tablet=&#8220;20px&#8220; text_font_size_phone=&#8220;17px&#8220; text_font_size_last_edited=&#8220;on|phone&#8220; header_font_size_tablet=&#8220;&#8220; header_font_size_phone=&#8220;25px&#8220; header_font_size_last_edited=&#8220;on|phone&#8220; global_colors_info=&#8220;{}&#8220;]<\/p>\n<h1><b>ZUGVERKEHR<\/b><\/h1>\n<p class=\"p1\">Auf unserer Strecke fahren zwar nur wenige Z\u00fcge, aber sie fahren. Das W\u00e4chterhaus steht direkt neben den Gleisen. Von ihnen trennt es lediglich ein symbolischer Seilzaun, der Kinder nicht davon abhalten kann, das Gleisbett zu betreten. Bitte achten Sie daher besonders auf Kinder und betreten Sie die Gleise unter keinen Umst\u00e4nden. Neben den regelm\u00e4\u00dfigen Personenz\u00fcgen verkehren gelegentlich auch Sonderz\u00fcge, G\u00fcterz\u00fcge oder Arbeitsz\u00fcge.<\/p>\n<p>[\/et_pb_text][\/et_pb_column][\/et_pb_row][\/et_pb_section][et_pb_section fb_built=&#8220;1&#8243; _builder_version=&#8220;4.16&#8243; _module_preset=&#8220;default&#8220; global_colors_info=&#8220;{}&#8220;][et_pb_row _builder_version=&#8220;4.16&#8243; _module_preset=&#8220;default&#8220; global_colors_info=&#8220;{}&#8220;][et_pb_column type=&#8220;4_4&#8243; _builder_version=&#8220;4.16&#8243; _module_preset=&#8220;default&#8220; global_colors_info=&#8220;{}&#8220;][et_pb_gallery gallery_ids=&#8220;4427,4344,4372,4370,4374,4364,4362,4360,4358,4356,4354,4352,4350,4348,4346,4342&#8243; posts_number=&#8220;40&#8243; show_title_and_caption=&#8220;off&#8220; show_pagination=&#8220;off&#8220; _builder_version=&#8220;4.27.4&#8243; _module_preset=&#8220;default&#8220; global_colors_info=&#8220;{}&#8220;][\/et_pb_gallery][\/et_pb_column][\/et_pb_row][\/et_pb_section][et_pb_section fb_built=&#8220;1&#8243; _builder_version=&#8220;4.21.0&#8243; _module_preset=&#8220;default&#8220; global_colors_info=&#8220;{}&#8220;][et_pb_row module_id=&#8220;lesni&#8220; _builder_version=&#8220;4.27.4&#8243; _module_preset=&#8220;default&#8220; link_option_url=&#8220;#vechtr&#8220; global_colors_info=&#8220;{}&#8220;][et_pb_column type=&#8220;4_4&#8243; _builder_version=&#8220;4.16&#8243; _module_preset=&#8220;default&#8220; global_colors_info=&#8220;{}&#8220;][wpbs_divi_single_calendar id=&#8220;6&#8243; form_id=&#8220;5&#8243; title=&#8220;no&#8220; display=&#8220;2&#8243; language=&#8220;de&#8220; tooltip=&#8220;2&#8243; highlighttoday=&#8220;yes&#8220; show_prices=&#8220;yes&#8220; minimum_days=&#8220;2&#8243; show_date_selection=&#8220;yes&#8220; module_id=&#8220;vechtr&#8220; _builder_version=&#8220;4.27.4&#8243; _module_preset=&#8220;default&#8220; global_colors_info=&#8220;{}&#8220;][\/wpbs_divi_single_calendar][\/et_pb_column][\/et_pb_row][\/et_pb_section]<\/p>\n","protected":false},"excerpt":{"rendered":"<p>W\u00c4CHTERHAUS\u2026bewacht unseren kleinen Bahnhof Kov\u00e1\u0159sk\u00e1 ganz am Ende des Areals \u2013 dort, wo sich im Wald die Gleise treffen, also am Vejprty-Stellwerk. Der W\u00e4chter, also der Bewohner des W\u00e4chterhauses, war schlie\u00dflich der H\u00fcter der Strecke. Er wachte \u00fcber den Zustand der Schienen, Schrauben und Weichen und entfernte umgest\u00fcrzte B\u00e4ume. F\u00fcr einen Moment k\u00f6nnen auch Sie [&hellip;]<\/p>\n","protected":false},"author":1,"featured_media":0,"parent":0,"menu_order":0,"comment_status":"closed","ping_status":"closed","template":"","meta":{"_et_pb_use_builder":"on","_et_pb_old_content":"","_et_gb_content_width":"","footnotes":""},"class_list":["post-4430","page","type-page","status-publish","hentry"],"_links":{"self":[{"href":"https:\/\/vagonynahorach.cz\/de\/wp-json\/wp\/v2\/pages\/4430","targetHints":{"allow":["GET"]}}],"collection":[{"href":"https:\/\/vagonynahorach.cz\/de\/wp-json\/wp\/v2\/pages"}],"about":[{"href":"https:\/\/vagonynahorach.cz\/de\/wp-json\/wp\/v2\/types\/page"}],"author":[{"embeddable":true,"href":"https:\/\/vagonynahorach.cz\/de\/wp-json\/wp\/v2\/users\/1"}],"replies":[{"embeddable":true,"href":"https:\/\/vagonynahorach.cz\/de\/wp-json\/wp\/v2\/comments?post=4430"}],"version-history":[{"count":0,"href":"https:\/\/vagonynahorach.cz\/de\/wp-json\/wp\/v2\/pages\/4430\/revisions"}],"wp:attachment":[{"href":"https:\/\/vagonynahorach.cz\/de\/wp-json\/wp\/v2\/media?parent=4430"}],"curies":[{"name":"wp","href":"https:\/\/api.w.org\/{rel}","templated":true}]}}