{"id":1651,"date":"2021-11-18T18:46:11","date_gmt":"2021-11-18T18:46:11","guid":{"rendered":"https:\/\/vagonynahorach.cz\/station-kovarska\/"},"modified":"2022-04-20T20:29:24","modified_gmt":"2022-04-20T20:29:24","slug":"bahnof","status":"publish","type":"page","link":"https:\/\/vagonynahorach.cz\/de\/bahnof\/","title":{"rendered":"BAHNHOF KOV\u00c1\u0158SK\u00c1"},"content":{"rendered":"\n[et_pb_section fb_built=&#8220;1&#8243; custom_padding_last_edited=&#8220;off|desktop&#8220; admin_label=&#8220;Header Section&#8220; _builder_version=&#8220;4.14.4&#8243; use_background_color_gradient=&#8220;on&#8220; background_color_gradient_start=&#8220;#ffffff&#8220; background_color_gradient_end=&#8220;rgba(255,255,255,0)&#8220; background_color_gradient_overlays_image=&#8220;on&#8220; custom_padding=&#8220;8%|0px|40%|0px&#8220; custom_padding_tablet=&#8220;320px|0px|0px|0px&#8220; hover_enabled=&#8220;0&#8243; global_colors_info=&#8220;{}&#8220; background_enable_video_mp4=&#8220;off&#8220; title_text=&#8220;016-Colorized&#8220; background_image=&#8220;https:\/\/vagonynahorach.cz\/wp-content\/uploads\/2021\/11\/016-Colorized-scaled.jpg&#8220; sticky_enabled=&#8220;0&#8243;][et_pb_row admin_label=&#8220;Kopfzeile&#8220; _builder_version=&#8220;3.25&#8243; global_colors_info=&#8220;{}&#8220;][et_pb_column type=&#8220;4_4&#8243; _builder_version=&#8220;3.25&#8243; custom_padding=&#8220;|||&#8220; global_colors_info=&#8220;{}&#8220; custom_padding__hover=&#8220;|||&#8220;][et_pb_text _builder_version=&#8220;4.14.4&#8243; text_font=&#8220;Oswald|600|||||||&#8220; text_text_color=&#8220;#000000&#8243; text_font_size=&#8220;24px&#8220; text_line_height=&#8220;1.8em&#8220; header_font=&#8220;Oswald|||on|||||&#8220; header_font_size=&#8220;60px&#8220; header_letter_spacing=&#8220;5px&#8220; header_line_height=&#8220;1.4em&#8220; text_orientation=&#8220;center&#8220; max_width=&#8220;700px&#8220; module_alignment=&#8220;center&#8220; animation_style=&#8220;fade&#8220; hover_enabled=&#8220;0&#8243; global_colors_info=&#8220;{}&#8220; sticky_enabled=&#8220;0&#8243;]<h1>Bergbahnhof<\/h1>\n<p><span>Wir konnten die Zerst\u00f6rung des fast 150 Jahre alten Bahnhofs nicht akzeptieren. In letzter Minute entging das Geb\u00e4ude der Schaufel der Bagger, als es uns 2014 gelang, die zerst\u00f6rte Ruine vom Staat zu kaufen. <\/span><\/p>[\/et_pb_text][\/et_pb_column][\/et_pb_row][\/et_pb_section][et_pb_section fb_built=&#8220;1&#8243; _builder_version=&#8220;4.13.1&#8243; _module_preset=&#8220;default&#8220; global_colors_info=&#8220;{}&#8220;][et_pb_row _builder_version=&#8220;4.13.1&#8243; _module_preset=&#8220;default&#8220; global_colors_info=&#8220;{}&#8220;][et_pb_column type=&#8220;4_4&#8243; _builder_version=&#8220;4.13.1&#8243; _module_preset=&#8220;default&#8220; global_colors_info=&#8220;{}&#8220;][et_pb_text _builder_version=&#8220;4.13.1&#8243; _module_preset=&#8220;default&#8220; text_font=&#8220;Oswald||||||||&#8220; text_font_size=&#8220;22px&#8220; text_line_height=&#8220;1.8em&#8220; text_orientation=&#8220;center&#8220; global_colors_info=&#8220;{}&#8220;]<p>Es brauchte nicht viel, um den Bahnhof in Kov\u00e1\u0159sk\u00e1 im Erzgebirge in eine staubige Gegend mit einer Betonkabine f\u00fcr Gelegenheitsfahrer zu verwandeln. Das steinerne Bahnhofsgeb\u00e4ude aus dem 19. Jahrhundert sollte verschwinden und mit ihm der enorme Genius loci des gesamten Gebiets. Die Abrissbulldozer waren im Begriff, einen Auftrag auszuf\u00fchren, den sie auf der gleichen Strecke bereits in \u010cernovice, Domina, Rusova oder Vejprty erledigt hatten. Zum Gl\u00fcck ist es anders gekommen.    <\/p>\n<p>Wir haben ein gemeinsames Ziel: die einzigartige Bahnanlage im sch\u00f6nen Erzgebirge wieder mit Freundlichkeit und Leben zu erf\u00fcllen. Mit ein wenig Fantasie kann man sich vorstellen, wie einst Kohlez\u00fcge von B\u00f6hmen nach Sachsen \u00fcber die heute meist stille Strecke rollten oder dass die \u00f6rtliche Kalla-Fabrik hier ihre von der Ostsee importierten Heringe aus Waggons entlud. Jetzt h\u00e4lt hier nur noch der kleine Triebwagenzug an den Wochenenden von Fr\u00fchjahr bis Herbst. Aber dann bekommen wir auch Besuch von denen, die auf dem Bahnhof in Kov\u00e1\u0159sk\u00e1 Dienst taten und uns helfen, die St\u00fccke der lokalen Eisenbahngeschichte zusammenzusetzen. Wir hoffen, diese Geschichte f\u00fcr die Zukunft zu bewahren und sie an Einheimische und Reisende gleicherma\u00dfen weiterzugeben.    <\/p>\n<p>&nbsp;<\/p>[\/et_pb_text][et_pb_text _builder_version=&#8220;4.13.1&#8243; _module_preset=&#8220;default&#8220; text_font=&#8220;Oswald||||||||&#8220; text_font_size=&#8220;22px&#8220; text_line_height=&#8220;1.8em&#8220; text_orientation=&#8220;center&#8220; global_colors_info=&#8220;{}&#8220;]<p>Auf der <span>Facebook<\/span>-Seite unserer Vereinigung k\u00f6nnen Sie die Fortschritte unserer Bem\u00fchungen verfolgen und sich auf dem Laufenden halten.<\/p>[\/et_pb_text][et_pb_social_media_follow use_icon_font_size=&#8220;on&#8220; icon_font_size=&#8220;27px&#8220; _builder_version=&#8220;4.13.1&#8243; _module_preset=&#8220;default&#8220; text_orientation=&#8220;center&#8220; global_colors_info=&#8220;{}&#8220;][et_pb_social_media_follow_network social_network=&#8220;facebook&#8220; url=&#8220;https:\/\/www.facebook.com\/N\u00e1dra\u017e%C3%AD-Kov\u00e1\u0159sk\u00e1-Bahnhof-Schmiedeberg-604013173076635&#8243; _builder_version=&#8220;4.13.1&#8243; _module_preset=&#8220;default&#8220; background_color=&#8220;#3b5998&#8243; global_colors_info=&#8220;{}&#8220; follow_button=&#8220;off&#8220; url_new_window=&#8220;on&#8220;]facebook[\/et_pb_social_media_follow_network][\/et_pb_social_media_follow][\/et_pb_column][\/et_pb_row][et_pb_row _builder_version=&#8220;4.13.1&#8243; _module_preset=&#8220;default&#8220; global_colors_info=&#8220;{}&#8220;][et_pb_column type=&#8220;4_4&#8243; _builder_version=&#8220;4.13.1&#8243; _module_preset=&#8220;default&#8220; global_colors_info=&#8220;{}&#8220;][et_pb_gallery gallery_ids=&#8220;1523,1524,1525,1526,1527,1528,1529,1530,1531,1532,1533,1534,1535,1536,1537,1538,1520,1522,1521&#8243; fullwidth=&#8220;on&#8220; _builder_version=&#8220;4.13.1&#8243; _module_preset=&#8220;default&#8220; global_colors_info=&#8220;{}&#8220;][\/et_pb_gallery][\/et_pb_column][\/et_pb_row][\/et_pb_section]\n","protected":false},"excerpt":{"rendered":"<p>Bergbahnhof Wir konnten die Zerst\u00f6rung des fast 150 Jahre alten Bahnhofs nicht akzeptieren. In letzter Minute entging das Geb\u00e4ude der Schaufel der Bagger, als es uns 2014 gelang, die zerst\u00f6rte Ruine vom Staat zu kaufen. Es brauchte nicht viel, um den Bahnhof in Kov\u00e1\u0159sk\u00e1 im Erzgebirge in eine staubige Gegend mit einer Betonkabine f\u00fcr Gelegenheitsfahrer [&hellip;]<\/p>\n","protected":false},"author":1,"featured_media":0,"parent":0,"menu_order":0,"comment_status":"closed","ping_status":"closed","template":"","meta":{"_et_pb_use_builder":"on","_et_pb_old_content":"","_et_gb_content_width":"","footnotes":""},"class_list":["post-1651","page","type-page","status-publish","hentry"],"_links":{"self":[{"href":"https:\/\/vagonynahorach.cz\/de\/wp-json\/wp\/v2\/pages\/1651","targetHints":{"allow":["GET"]}}],"collection":[{"href":"https:\/\/vagonynahorach.cz\/de\/wp-json\/wp\/v2\/pages"}],"about":[{"href":"https:\/\/vagonynahorach.cz\/de\/wp-json\/wp\/v2\/types\/page"}],"author":[{"embeddable":true,"href":"https:\/\/vagonynahorach.cz\/de\/wp-json\/wp\/v2\/users\/1"}],"replies":[{"embeddable":true,"href":"https:\/\/vagonynahorach.cz\/de\/wp-json\/wp\/v2\/comments?post=1651"}],"version-history":[{"count":0,"href":"https:\/\/vagonynahorach.cz\/de\/wp-json\/wp\/v2\/pages\/1651\/revisions"}],"wp:attachment":[{"href":"https:\/\/vagonynahorach.cz\/de\/wp-json\/wp\/v2\/media?parent=1651"}],"curies":[{"name":"wp","href":"https:\/\/api.w.org\/{rel}","templated":true}]}}