{"id":1640,"date":"2021-11-21T22:16:59","date_gmt":"2021-11-21T22:16:59","guid":{"rendered":"https:\/\/vagonynahorach.cz\/geschaeftsbedingungen\/"},"modified":"2026-01-05T19:51:42","modified_gmt":"2026-01-05T19:51:42","slug":"agb","status":"publish","type":"page","link":"https:\/\/vagonynahorach.cz\/de\/agb\/","title":{"rendered":"AGB"},"content":{"rendered":"<p>[et_pb_section fb_built=&#8220;1&#8243; custom_padding_last_edited=&#8220;off|desktop&#8220; admin_label=&#8220;Header Section&#8220; _builder_version=&#8220;4.16&#8243; use_background_color_gradient=&#8220;on&#8220; background_color_gradient_stops=&#8220;#ffffff 0%|rgba(255,255,255,0) 100%&#8220; background_color_gradient_overlays_image=&#8220;on&#8220; background_color_gradient_start=&#8220;#ffffff&#8220; background_color_gradient_end=&#8220;rgba(255,255,255,0)&#8220; background_enable_image=&#8220;off&#8220; custom_padding=&#8220;0%|0px||0px||&#8220; custom_padding_tablet=&#8220;320px|0px|0px|0px&#8220; box_shadow_style=&#8220;preset7&#8243; box_shadow_horizontal=&#8220;0px&#8220; box_shadow_vertical=&#8220;-180px&#8220; box_shadow_color=&#8220;#f9f9f9&#8243; global_colors_info=&#8220;{}&#8220;][et_pb_row admin_label=&#8220;Header Row&#8220; _builder_version=&#8220;4.16&#8243; custom_padding=&#8220;79px|||||&#8220; global_colors_info=&#8220;{}&#8220;][et_pb_column type=&#8220;4_4&#8243; _builder_version=&#8220;4.16&#8243; custom_padding=&#8220;|||&#8220; global_colors_info=&#8220;{}&#8220; custom_padding__hover=&#8220;|||&#8220;][et_pb_text _builder_version=&#8220;4.16&#8243; text_font=&#8220;Oswald|600|||||||&#8220; text_font_size=&#8220;20px&#8220; text_letter_spacing=&#8220;1px&#8220; text_line_height=&#8220;1.8em&#8220; header_font=&#8220;Oswald|||on|||||&#8220; header_font_size=&#8220;60px&#8220; header_letter_spacing=&#8220;5px&#8220; header_line_height=&#8220;1.4em&#8220; header_2_line_height=&#8220;1.4em&#8220; text_orientation=&#8220;center&#8220; max_width=&#8220;700px&#8220; module_alignment=&#8220;center&#8220; custom_margin=&#8220;|||239px||&#8220; animation_style=&#8220;fade&#8220; global_colors_info=&#8220;{}&#8220;]<\/p>\n<h1><span style=\"font-size: xx-large;\"><b>Allgemeine Gesch\u00e4ftsbedingungen f\u00fcr die Unterkunft in &#8222;Vagony na horach&#8220; (EISENBAHNGLAMPING)<\/b><\/span><\/h1>\n<p><b><\/b><\/p>\n<p><b><\/b><\/p>\n<h2 style=\"text-align: left;\"><b>1. Einleitende Bestimmungen<\/b><\/h2>\n<p style=\"text-align: left;\">Diese Bedingungen gelten f\u00fcr Ihren Aufenthalt in <b>Vagony na hor\u00e1ch<\/b> in N\u00e1dra\u017en\u00ed 305, 431 86 Kov\u00e1\u0159sk\u00e1. <b>Vermieter<\/b> ist der in diesen AGB genannte Betreiber. <b>Der Gast<\/b> ist dann eine nat\u00fcrliche oder juristische Person, die sich mit Abschluss der Reservierung und Zahlung des \u00dcbernachtungspreises mit diesen Bedingungen einverstanden erkl\u00e4rt. Der Gast handelt und ist f\u00fcr alle Teilnehmer verantwortlich. Diese AGB beinhalten auch die Beherbergungsordnung, Preisliste und Stornobedingungen.<\/p>\n<p style=\"text-align: left;\"><b><\/b><\/p>\n<h2 style=\"text-align: left;\"><b>2. Begr\u00fcndung eines Vertragsverh\u00e4ltnisses<\/b><\/h2>\n<p style=\"text-align: left;\">Das Vertragsverh\u00e4ltnis zwischen dem Gast und dem Vermieter kommt durch Zahlung des \u00dcbernachtungspreises gem\u00e4\u00df \u00a7 3 dieser Bedingungen zustande. Der Vermieter best\u00e4tigt den Zahlungseingang. <span class=\"Apple-converted-space\"> <\/span><\/p>\n<p style=\"text-align: left;\">\n<h2 style=\"text-align: left;\"><b>3. Aufenthaltspreis und Zahlungsbedingungen<\/b><\/h2>\n<p style=\"text-align: left;\">Der Betrag f\u00fcr die Unterkunft ist der Preis, der in der Preisliste auf der Website <a href=\"http:\/\/www.vagonynahor%25C3%25A1ch.cz\"><span>www.vagonynahorach.cz<\/span><\/a> zum Zeitpunkt der Zahlung des Aufenthalts angegeben ist. Im Preis inbegriffen:<\/p>\n<ul style=\"text-align: left;\">\n<li>\n<p class=\"p1\"><span class=\"s1\">F\u00fcr die Waggons gilt: Unterkunft f\u00fcr <\/span><b>maximal 3 Erwachsene<\/b><span class=\"s1\"> oder <\/span><b>maximal 2 Erwachsene und bis zu 2 Kinder unter 12 Jahren<\/b><span class=\"s1\">, und zwar pro eine Nacht.<\/span><\/p>\n<\/li>\n<li>\n<p class=\"p1\">F\u00fcr das W\u00e4chterhaus gilt: Unterkunft f\u00fcr <span class=\"s1\"><b>maximal 4 Erwachsene<\/b><\/span> oder <span class=\"s1\"><b>eine f\u00fcnfk\u00f6pfige Familie mit Kindern ab 6 Jahren<\/b><\/span>, und zwar pro eine Nacht.saubere Bettdecken, Kissen, Flughafenbett, saubere Handt\u00fccher und Badet\u00fccher entsprechend der Anzahl der G\u00e4ste, Toilettenpapier, Duschgel, Schampoo.<\/p>\n<\/li>\n<li>\n<p class=\"p1\">Verbrauch von Wasser, Strom und Holz zum Heizen<\/p>\n<\/li>\n<li>\n<p class=\"p1\">M\u00fcllabfuhr<\/p>\n<\/li>\n<li>\n<p class=\"p1\"><span style=\"font-size: 20px;\">Kurtaxe f\u00fcr die Gemeinde Kov\u00e1\u0159sk\u00e1<\/span><\/p>\n<\/li>\n<li>\n<p class=\"p1\"><span style=\"font-size: 20px;\"><\/span>Reinigung und Vorbereitung des Waggons f\u00fcr andere G\u00e4ste<\/p>\n<\/li>\n<li>\n<p class=\"p1\">PKW-Stellplatz<span class=\"Apple-converted-space\"> <\/span><\/p>\n<\/li>\n<li><span class=\"s1\"><\/span><\/li>\n<\/ul>\n<p style=\"text-align: left;\">Der Gast \u00fcberweist den Betrag per \u00dcberweisung auf die in der Antwort-E-Mail angegebene Kontonummer in den n\u00e4chsten 3 Werktagen ab dem Tag der Buchung. Erfolgt die Zahlung nicht innerhalb dieser Frist, wird der Vermieter die Reservierung stornieren und den Termin anderen Interessenten anbieten. <span class=\"Apple-converted-space\"> <\/span><\/p>\n<p style=\"text-align: left;\">\n<h2 style=\"text-align: left;\"><b>4. Pflichten des Gastes<\/b><\/h2>\n<p style=\"text-align: left;\">&#8211; dem Vermieter personenbezogene Daten gem\u00e4\u00df Gesetz Nr. 565\/1990 Sb. \u00fcber Ortstaxe, f\u00fcr alle untergebrachten Personen \u00fcber 18 Jahre bereitzustellen. Zu diesen personenbezogenen Daten geh\u00f6ren die Vor- und Nachnamen der Bewohner, Adressen ihrer st\u00e4ndigen Wohnsitze, Geburtsdaten und Personalausweisnummern. Diese Informationen gibt der Vermieter nur an die Gemeinde Kov\u00e1\u0159sk\u00e1 bei der Zahlung der \u00f6rtlichen Aufenthaltsgeb\u00fchr, bei untergebrachten Ausl\u00e4ndern an die Polizei der Tschechischen Republik.<\/p>\n<p style=\"text-align: left;\"><b>&#8211; <\/b>die Anweisungen des Vermieters zu beachten<span class=\"Apple-converted-space\"> <\/span><\/p>\n<p style=\"text-align: left;\">&#8211; sich so zu verhalten, dass keine Sch\u00e4den an Gesundheit, Leben oder Eigentum des Untergebrachten sowie am Eigentum des Vermieters entstehen<\/p>\n<p style=\"text-align: left;\">&#8211; auf Kinder aufzupassen oder sie betreuen zu lassen, damit ihre m\u00f6glichen Verletzungen im Objekt und seiner Umgebung oder Sch\u00e4den am Eigentum des Vermieters verhindert wird<span class=\"Apple-converted-space\"> <\/span><\/p>\n<p style=\"text-align: left;\">&#8211; die Unterkunft ordnungsgem\u00e4\u00df zu nutzen, Ordnung und Sauberkeit zu wahren<\/p>\n<p style=\"text-align: left;\">&#8211; beim Verlassen der Unterkunft Fenster und T\u00fcren zu schlie\u00dfen<\/p>\n<p style=\"text-align: left;\">&#8211; den Vermieter unverz\u00fcglich \u00fcber die Notwendigkeit von Reparaturen in der Unterkunft zu informieren<\/p>\n<p style=\"text-align: left;\">&#8211; Sch\u00e4den oder Verletzungen, die durch den Gast oder die in der Unterkunft mit ihm untergebrachte Person verursacht wurden, unverz\u00fcglich zu melden<\/p>\n<p style=\"text-align: left;\">\n<h2 style=\"text-align: left;\"><b>5. In der Unterkunft ist es verboten:<\/b><\/h2>\n<p style=\"text-align: left;\">&#8211; \u00c4nderungen an der Unterkunft vorzunehmen<span class=\"Apple-converted-space\"> <\/span><\/p>\n<p style=\"text-align: left;\">&#8211; eigene Elektroger\u00e4te (gilt nicht f\u00fcr Handyladeger\u00e4te, Laptops usw.) zu benutzen<\/p>\n<p style=\"text-align: left;\">&#8211; die Unterkunft ohne Wissen des Vermieters einer anderen Person zu \u00fcberlassen<\/p>\n<p style=\"text-align: left;\">&#8211; zu rauchen<\/p>\n<p style=\"text-align: left;\">&#8211; Tiere in die Unterkunft hereinzulassen<\/p>\n<p style=\"text-align: left;\">\n<h2 style=\"text-align: left;\"><b>6. Von G\u00e4sten verursachte Sch\u00e4den<\/b><\/h2>\n<p style=\"text-align: left;\">&#8211; Der Kunde wird die Ausstattung im eigenen Interesse pr\u00fcfen und eventuelle M\u00e4ngel am ersten Tag dem Vermieter melden<\/p>\n<p style=\"text-align: left;\">&#8211; Entstehen nachtr\u00e4glich Sch\u00e4den an der Au\u00dfen- und Innenausstattung, ist der Kunde verpflichtet, diese sofort vollst\u00e4ndig zu bezahlen. Der Vermieter ist verpflichtet, den Schaden nach den aktuellen Preisen der f\u00fcr die Reparatur erforderlichen Waren und Dienstleistungen zu beziffern<\/p>\n<p style=\"text-align: left;\">\n<h2 style=\"text-align: left;\"><b>7. Pflichten, Rechte und Verantwortung des Vermieters<\/b><\/h2>\n<p style=\"text-align: left;\">Der Vermieter ist verpflichtet:<\/p>\n<p style=\"text-align: left;\">&#8211; dem Kunden die Unterkunft in bestimmungsgem\u00e4\u00dfem Zustand zu \u00fcbergeben und die ungest\u00f6rte Aus\u00fcbung seiner mit der Unterkunft verbundenen Rechte zu gew\u00e4hrleisten.<\/p>\n<p style=\"text-align: left;\">&#8211; F\u00fcr die unverz\u00fcgliche Behebung der ger\u00fcgten M\u00e4ngel zu sorgen und die Unterkunft in einem ordnungsgem\u00e4\u00dfen technischen und hygienischen Zustand zu erhalten. Der Kunde erkl\u00e4rt sich damit einverstanden, dass f\u00fcr die gesamte Dauer des Aufenthaltes der Vermieter, bzw einer von ihm bevollm\u00e4chtigten Person (Hausmeister, Agentur-Wachmann, Reinigungskraft etc.) das Recht zum Betreten der Unterkunft zum Zweck der Erf\u00fcllung seiner dienstlichen Aufgaben, hat der Vermieter den Gast vorab \u00fcber diese Absicht zu informieren<\/p>\n<p style=\"text-align: left;\">&#8211; Der Vermieter hat das Recht, die Unterkunft nach dem Aufenthalt des Kunden in seinem Beisein zu besichtigen. Wir bitten Kunden, diese Aktivit\u00e4t nicht als Zeichen des Misstrauens zu betrachten. Danke f\u00fcr Ihr Verst\u00e4ndnis. <span class=\"Apple-converted-space\"> <\/span><\/p>\n<p style=\"text-align: left;\">&#8211; Der Vermieter haftet nicht f\u00fcr Gesundheits- (oder Sachsch\u00e4den) von Kunden, die durch deren Fahrl\u00e4ssigkeit, Unaufmerksamkeit, Missbrauch oder mangelhafte Beaufsichtigung (Aufsicht) verursacht wurden.<\/p>\n<p style=\"text-align: left;\">\n<h2 style=\"text-align: left;\"><b>8. Aufenthalt &#8211; Beherbergungsordnung<\/b><\/h2>\n<p style=\"text-align: left;\">&#8211; Der Gast hat das Recht, die f\u00fcr die Beherbergung reservierten Fl\u00e4chen sowie die angrenzenden R\u00e4umlichkeiten zu benutzen. Zu Beginn der Unterkunft holt er den Schl\u00fcssel gem\u00e4\u00df den zugesandten Anweisungen ab. Genaue Anweisungen erh\u00e4lt er vom Vermieter 7 Tage vor Aufenthaltsbeginn. Dieser Schl\u00fcssel muss am Ende der Unterkunft am Ort zur\u00fcckgegeben werden. Der Gast ist verpflichtet, den Verlust oder Diebstahl dieses Schl\u00fcssels zu verhindern und ihn nicht an Personen zu verleihen, die nicht im Waggon untergebracht sind. Bei Verlust, Diebstahl oder Missbrauch des Schl\u00fcssels ist der Gast verpflichtet, dem Vermieter eine Vertragsstrafe in H\u00f6he von 2.000 CZK zu zahlen; Schadensersatzanspr\u00fcche des Vermieters bleiben hiervon unber\u00fchrt.<\/p>\n<p style=\"text-align: left;\">&#8211; Der Vermieter bringt den Gast ab 16:00 Uhr des jeweiligen Anreisetages in die Unterkunft und der Gast ist verpflichtet, das Geb\u00e4ude am Tag des Beherbergungsendes bis sp\u00e4testens 11:00 Uhr zu verlassen. \u00c4nderungen dieser Zeiten sind individuell mit dem Vermieter abzustimmen. H\u00e4lt der Kunde diese oder die vereinbarte Zeit nicht ein, wird ihm der Preis f\u00fcr den n\u00e4chsten Aufenthaltstag gem\u00e4\u00df g\u00fcltiger Preisliste in Rechnung gestellt. <span class=\"Apple-converted-space\"> <\/span><\/p>\n<p style=\"text-align: left;\">&#8211; Die Unterbringung oder der Besuch des Objekts mit Haustieren ist nicht gestattet.<span class=\"Apple-converted-space\"> <\/span><\/p>\n<p style=\"text-align: left;\">&#8211; Rauchen im Geb\u00e4ude ist verboten. Jeder Versto\u00df gegen das Verbot wird mit 2.000 CZK bestraft. Beim Rauchen im Freien ist der Gast verpflichtet, sich sauber zu halten und keine Zigarettenkippen im um Waggon zu werfen. Alle Drogen sind verboten.<\/p>\n<p style=\"text-align: left;\">&#8211; Dem Gast ist es nicht gestattet, Sportger\u00e4te und Gegenst\u00e4nde in den Waggon mitzunehmen, f\u00fcr deren Aufbewahrung ein angrenzender abschlie\u00dfbarer Platz reserviert ist.<span class=\"Apple-converted-space\"> <\/span><\/p>\n<p style=\"text-align: left;\">&#8211; Der Vermieter haftet nicht f\u00fcr den Verlust oder die Besch\u00e4digung von Sachen, die der Gast w\u00e4hrend des Aufenthalts im Waggon aufbewahrt.<span class=\"Apple-converted-space\"> <\/span><\/p>\n<p style=\"text-align: left;\">&#8211; Seien Sie beim Heizen im Holzofen \u00e4u\u00dferst vorsichtig und schlie\u00dfen Sie die T\u00fcr sorgf\u00e4ltig. Es ist verboten, Feuer zum Braten im Ofen zu machen. Holz liegt am Ofen bereit, ein weiterer Holzvorrat befindet sich im angrenzenden \u00fcberdachten Bereich. <span class=\"Apple-converted-space\"> <\/span><\/p>\n<p style=\"text-align: left;\">&#8211; Feuerl\u00f6scher stehen in allen Unterkunftsobjekten zur Verf\u00fcgung. Die G\u00e4ste sind verpflichtet, sich bei der Ankunft mit deren Standort vertraut zu machen. Im Brandfall ist der Gast verpflichtet, sich unverz\u00fcglich an 150 zu wenden und die Adresse Kov\u00e1\u0159sk\u00e1 305 (f\u00fcr die Waggons), Kov\u00e1\u0159sk\u00e1 301 (f\u00fcr das W\u00e4chterhaus), 431 86 Kov\u00e1\u0159sk\u00e1 zu melden und gleichzeitig zu versuchen, das Feuer mit einem Feuerl\u00f6scher selbst zu l\u00f6schen.<\/p>\n<p style=\"text-align: left;\">&#8211; M\u00fcll: Im Schrank unter der Sp\u00fcle befinden sich Beh\u00e4lter f\u00fcr getrenntes M\u00fcll: Papier, Kunststoffe und Restm\u00fcll. Wenn die Papier- und Plastikbeh\u00e4lter voll sind, bringen Sie die vollen S\u00e4cke zu einem angrenzenden Bereich, wo das Holz gelagert wird. Werfen Sie einen vollen Sack Restm\u00fclls in die M\u00fclltonne auf dem angrenzenden Grundst\u00fcck. Bringen Sie organische Abf\u00e4lle gem\u00e4\u00df den bereitgestellten Anweisungen zum Kompost.<\/p>\n<p style=\"text-align: left;\">&#8211; Kl\u00e4ranlage: F\u00fcr den reibungslosen Betrieb der biologischen Kl\u00e4ranlage nur Geschirrsp\u00fclmittel verwenden, die im Waggon zur Verf\u00fcgung gestellt sind. Es besteht ein striktes Verbot, Fette und \u00d6le in den Abfall zu gie\u00dfen. Gie\u00dfen Sie die Speise\u00f6le in den Kompost und werfen Sie auch die Serviette hinein, mit der Sie die Pfanne abgewischt haben. Au\u00dferdem ist es verboten, feste Abf\u00e4lle (nicht abbaubares Material wie Windeln, Damenbinden, Kondome, Ohrensch\u00fctzer, nasse Papierservietten, Folien usw.) in die Kl\u00e4ranlage zu werfen. <span class=\"Apple-converted-space\"> <\/span><\/p>\n<p style=\"text-align: left;\">&#8211; Parken ist direkt an der Unterkunft m\u00f6glich.<\/p>\n<p style=\"text-align: left;\">\n<h2 style=\"text-align: left;\"><b>9. Vertrags\u00e4nderungen und Widerrufsrecht<\/b><\/h2>\n<p style=\"text-align: left;\">Seitens des Vermieters:<\/p>\n<p style=\"text-align: left;\">&#8211; Sollte der Vermieter aus sachlichen Gr\u00fcnden vor Beginn des Aufenthaltes gezwungen sein, wesentliche Vertragsbedingungen zu \u00e4ndern, hat der Gast das Recht, der \u00c4nderung zuzustimmen oder vom Vertrag zur\u00fcckzutreten. Tritt der Gast nicht innerhalb von 10 Tagen ab Zustellung des \u00c4nderungsvorschlags schriftlich zur\u00fcck, gilt er als mit der \u00c4nderung einverstanden. <span class=\"Apple-converted-space\"> <\/span><\/p>\n<p style=\"text-align: left;\">&#8211; Der Vermieter hat das Recht, von diesem Vertrag zur\u00fcckzutreten, falls der Gast grob gegen die Pflichten aus diesem Vertrag verst\u00f6\u00dft. In einem solchen Fall beh\u00e4lt sich der Vermieter das Recht vor, den Aufenthalt des Kunden vor Ablauf des vereinbarten Zeitraums zu beenden, ohne dass die Verpflichtung besteht, dem Kunden den bereits f\u00fcr den Aufenthalt gezahlten Betrag zu zahlen. Grund f\u00fcr die Beendigung des Aufenthaltes ist auch der Aufenthalt von nicht angemeldeten Personen, Versto\u00df gegen das Rauchverbot im Waggon, Anwesenheit von Tieren und Zerst\u00f6rung von Inventar. Ein solcher R\u00fccktritt des Vermieters ber\u00fchrt nicht die Verpflichtung des Kunden zur Zahlung aller Forderungen aus diesem Vertrag. Der R\u00fccktritt muss schriftlich erfolgen und der anderen Partei per E-Mail zugestellt werden. <span class=\"Apple-converted-space\"> <\/span><\/p>\n<p style=\"text-align: left;\">&#8211; Dem Vermieter steht das Recht zu, aus sachlichen und schwerwiegendem Gr\u00fcnden, insbesondere wegen technischer M\u00e4ngel am Waggon und dergleichen, von diesem Vertrag zur\u00fcckzutreten. In diesem Fall wird er den Gast unverz\u00fcglich informieren und den gezahlten Betrag vollst\u00e4ndig zur\u00fcckerstatten. <span class=\"Apple-converted-space\"> <\/span><\/p>\n<p style=\"text-align: left;\">\n<p style=\"text-align: left;\">Seitens des Gastes (Stornobedingungen):<\/p>\n<p style=\"text-align: left;\">Storniert ein Gast seine Reservierung 45 Tage oder mehr vor Beginn seines Aufenthalts, stellt der Vermieter einen Gutschein f\u00fcr den vollen Betrag der Reservierung aus. Der Gast w\u00e4hlt dann je nach Verf\u00fcgbarkeit einen anderen Termin aus.<\/p>\n<p style=\"text-align: left;\">Bei einer Stornierung weniger als 45 Tage vor Beginn des Aufenthalts betr\u00e4gt die Stornogeb\u00fchr 100 % des Aufenthaltspreises. In diesem Fall kann der Gast ein Geschenk machen oder f\u00fcr sich selbst einen Ersatz finden. Der Vermieter stellt dann auf Anfrage einen Geschenkgutschein f\u00fcr die beschenkte Person aus.<\/p>\n<p style=\"text-align: left;\">\n<h2 style=\"text-align: left;\"><b>10. Zustimmung zu den Allgemeinen Gesch\u00e4ftsbedingungen<\/b><\/h2>\n<p style=\"text-align: left;\">Diese <b>Allgemeinen Gesch\u00e4ftsbedingungen<\/b> gelten f\u00fcr alle Aufenthalte im <b>Vagony na horach<\/b> und treten am 1. 1. 2022. 1. 2022. Mit der Bezahlung des Aufenthalts im Beherbergungsbetrieb erkl\u00e4rt sich der Gast mit diesen Gesch\u00e4ftsbedingungen einverstanden und best\u00e4tigt, dass er die vorstehenden Gesch\u00e4ftsbedingungen verstanden hat und diese in vollem Umfang f\u00fcr sich und f\u00fcr andere Teilnehmer anerkennt. Dieser Vertrag zwischen dem Gast und dem Vermieter und die sich daraus ergebenden Rechte und Pflichten unterliegen dem tschechischen Recht.<\/p>\n<p style=\"text-align: left;\">\n<h2 style=\"text-align: left;\"><strong>11. Betreiber<\/strong><\/h2>\n<p style=\"text-align: left;\">Die Betreiberin des Waldwaggons und Vorstandswaggons ist Barbora Mach\u00e1\u010dkov\u00e1, Lysolajsk\u00e9 \u00fadol\u00ed 148\/37, 165 00 Prag 6, ID-Nummer 11908971. Betreiber des Waggons Alois ist Pavel Pol\u00e1k, Mal\u00e1 B\u011bl\u00e1 31, 294 01 Bakov nad Jizerou, ID-Nummer 13989791. Die Betreiberin des Waggons Fanny ist Iva Pol\u00e1kov\u00e1, Na P\u00edskovn\u011b 657, 460 14 Liberec, ID-Nummer\u00a008085714. <span class=\"s1\">Die Betreiberin des W\u00e4chterhauses ist <\/span>Jaroslava \u010cern\u00e1, Lysolajsk\u00e9 \u00fadol\u00ed 148\/37, 165 00 Prag 6, ID-Nummer 67378340<span class=\"s1\">.<\/span><\/p>\n<p style=\"text-align: left;\"><span class=\"Apple-converted-space\"><\/span><\/p>\n<p>[\/et_pb_text][\/et_pb_column][\/et_pb_row][\/et_pb_section]<\/p>\n","protected":false},"excerpt":{"rendered":"<p>Allgemeine Gesch\u00e4ftsbedingungen f\u00fcr die Unterkunft in &#8222;Vagony na horach&#8220; (EISENBAHNGLAMPING) 1. Einleitende Bestimmungen Diese Bedingungen gelten f\u00fcr Ihren Aufenthalt in Vagony na hor\u00e1ch in N\u00e1dra\u017en\u00ed 305, 431 86 Kov\u00e1\u0159sk\u00e1. Vermieter ist der in diesen AGB genannte Betreiber. Der Gast ist dann eine nat\u00fcrliche oder juristische Person, die sich mit Abschluss der Reservierung und Zahlung des [&hellip;]<\/p>\n","protected":false},"author":1,"featured_media":0,"parent":0,"menu_order":0,"comment_status":"closed","ping_status":"closed","template":"","meta":{"_et_pb_use_builder":"on","_et_pb_old_content":"","_et_gb_content_width":"","footnotes":""},"class_list":["post-1640","page","type-page","status-publish","hentry"],"_links":{"self":[{"href":"https:\/\/vagonynahorach.cz\/de\/wp-json\/wp\/v2\/pages\/1640","targetHints":{"allow":["GET"]}}],"collection":[{"href":"https:\/\/vagonynahorach.cz\/de\/wp-json\/wp\/v2\/pages"}],"about":[{"href":"https:\/\/vagonynahorach.cz\/de\/wp-json\/wp\/v2\/types\/page"}],"author":[{"embeddable":true,"href":"https:\/\/vagonynahorach.cz\/de\/wp-json\/wp\/v2\/users\/1"}],"replies":[{"embeddable":true,"href":"https:\/\/vagonynahorach.cz\/de\/wp-json\/wp\/v2\/comments?post=1640"}],"version-history":[{"count":0,"href":"https:\/\/vagonynahorach.cz\/de\/wp-json\/wp\/v2\/pages\/1640\/revisions"}],"wp:attachment":[{"href":"https:\/\/vagonynahorach.cz\/de\/wp-json\/wp\/v2\/media?parent=1640"}],"curies":[{"name":"wp","href":"https:\/\/api.w.org\/{rel}","templated":true}]}}