{"id":1628,"date":"2021-11-16T11:43:59","date_gmt":"2021-11-16T11:43:59","guid":{"rendered":"https:\/\/vagonynahorach.cz\/wagen-in-der-schmiede\/"},"modified":"2022-04-20T16:30:13","modified_gmt":"2022-04-20T16:30:13","slug":"wagen-in-der-schmiede","status":"publish","type":"page","link":"https:\/\/vagonynahorach.cz\/de\/wagen-in-der-schmiede\/","title":{"rendered":"WAGGONS IN KOV\u00c1\u0158SK\u00c1"},"content":{"rendered":"<p>[et_pb_section fb_built=&#8220;1&#8243; custom_padding_last_edited=&#8220;off|desktop&#8220; admin_label=&#8220;Header Section&#8220; _builder_version=&#8220;4.16&#8243; use_background_color_gradient=&#8220;on&#8220; background_color_gradient_stops=&#8220;#e8e8e8 40%|rgba(255,255,255,0) 100%&#8220; background_color_gradient_overlays_image=&#8220;on&#8220; background_color_gradient_start=&#8220;#e8e8e8&#8243; background_color_gradient_start_position=&#8220;40%&#8220; background_color_gradient_end=&#8220;rgba(255,255,255,0)&#8220; background_image=&#8220;https:\/\/vagonynahorach.cz\/wp-content\/uploads\/2021\/11\/IMG_5883-scaled.jpg&#8220; custom_padding=&#8220;0%|0px|40%|0px||&#8220; custom_padding_tablet=&#8220;320px|0px|0px|0px&#8220; global_colors_info=&#8220;{}&#8220;][et_pb_row admin_label=&#8220;Kopfzeile&#8220; _builder_version=&#8220;4.16&#8243; global_colors_info=&#8220;{}&#8220;][et_pb_column type=&#8220;4_4&#8243; _builder_version=&#8220;4.16&#8243; custom_padding=&#8220;|||&#8220; global_colors_info=&#8220;{}&#8220; custom_padding__hover=&#8220;|||&#8220;][et_pb_text _builder_version=&#8220;4.16&#8243; text_font=&#8220;Oswald|600|||||||&#8220; text_font_size=&#8220;21px&#8220; text_line_height=&#8220;1.8em&#8220; header_font=&#8220;Oswald|||on|||||&#8220; header_font_size=&#8220;60px&#8220; header_letter_spacing=&#8220;5px&#8220; header_line_height=&#8220;1.4em&#8220; text_orientation=&#8220;center&#8220; max_width=&#8220;700px&#8220; module_alignment=&#8220;center&#8220; animation_style=&#8220;fade&#8220; global_colors_info=&#8220;{}&#8220;]<\/p>\n<h1>waggons in Kov\u00e1\u0159sk\u00e1<\/h1>\n<p>Was w\u00e4re das f\u00fcr ein Bahnhof, wenn er nicht mindestens einen Waggon h\u00e4tte? Diese Frage kam uns in den Sinn, als wir uns den Bahnhof in Kov\u00e1\u0159sk\u00e1 von klein bis gro\u00df ansahen. Es gab eine Zeit, in der mehrere Z\u00fcge pro Tag hier durchfuhren. Und jetzt ist es so still! Wir m\u00f6gen nat\u00fcrlich die ruhige Atmosph\u00e4re, aber ohne mindestens eine Kutsche schien die Forge Station einfach unvollst\u00e4ndig. Im Juli 2020 haben wir also dieses fehlende Element hinzugef\u00fcgt. Nicht ein Wagen, sondern vier!      <\/p>\n<p>[\/et_pb_text][\/et_pb_column][\/et_pb_row][\/et_pb_section][et_pb_section fb_built=&#8220;1&#8243; _builder_version=&#8220;4.16&#8243; _module_preset=&#8220;default&#8220; global_colors_info=&#8220;{}&#8220;][et_pb_row _builder_version=&#8220;4.16&#8243; _module_preset=&#8220;default&#8220; min_height=&#8220;324.9px&#8220; global_colors_info=&#8220;{}&#8220;][et_pb_column type=&#8220;4_4&#8243; _builder_version=&#8220;4.16&#8243; _module_preset=&#8220;default&#8220; global_colors_info=&#8220;{}&#8220;][et_pb_text _builder_version=&#8220;4.16&#8243; _module_preset=&#8220;default&#8220; text_font=&#8220;Oswald||||||||&#8220; text_line_height=&#8220;1.8em&#8220; header_text_align=&#8220;center&#8220; header_font_size=&#8220;35px&#8220; header_line_height=&#8220;3.2em&#8220; text_orientation=&#8220;center&#8220; min_height=&#8220;303px&#8220; inline_fonts=&#8220;Oswald&#8220; global_colors_info=&#8220;{}&#8220;]<\/p>\n<h1 style=\"text-align: center;\">MAN NENNT SIE H\u00dcTTELWAGEN<\/h1>\n<p style=\"margin-bottom: 8px; font-stretch: normal; font-size: 11px; line-height: normal; font-family: Helvetica; color: #000000;\"><span style=\"font-family: Oswald; font-size: x-large; color: #333333;\">Bei den so genannten H\u00fcttelwagen handelt es sich um Dienstwagen, die bei der tschechischen Eisenbahn in geringerem Umfang noch im Einsatz sind. Sie wurden seit 1948 in der Kutschenfabrik in \u010cesk\u00e1 L\u00edpa hergestellt. Sie befinden sich in der Regel am Ende eines G\u00fcterzuges, wo sie das Zugpersonal oder auch Pakete bef\u00f6rdern. Das Zugpersonal war f\u00fcr das Bewegen und Wechseln der Waggons in den einzelnen Bahnh\u00f6fen zust\u00e4ndig. In dem Waggon verheizten sie Kohle und Holz in \u00d6fen. Die Waggons waren mit einer Toilette, einem B\u00fcro, einem Sofa, gro\u00dfen seitlichen Schiebet\u00fcren und einem Dynamo mit Batterien f\u00fcr die Stromversorgung der Beleuchtung ausgestattet.     <\/span><\/p>\n<p>[\/et_pb_text][\/et_pb_column][\/et_pb_row][\/et_pb_section][et_pb_section fb_built=&#8220;1&#8243; _builder_version=&#8220;4.16&#8243; _module_preset=&#8220;default&#8220; global_colors_info=&#8220;{}&#8220;][et_pb_row _builder_version=&#8220;4.16&#8243; _module_preset=&#8220;default&#8220; min_height=&#8220;649.9px&#8220; global_colors_info=&#8220;{}&#8220;][et_pb_column type=&#8220;4_4&#8243; _builder_version=&#8220;4.16&#8243; _module_preset=&#8220;default&#8220; global_colors_info=&#8220;{}&#8220;][et_pb_video src=&#8220;https:\/\/vagonynahorach.cz\/wp-content\/uploads\/2021\/11\/hytlakyKovarska.mp4&#8243; _builder_version=&#8220;4.16&#8243; _module_preset=&#8220;default&#8220; global_colors_info=&#8220;{}&#8220;][\/et_pb_video][\/et_pb_column][\/et_pb_row][\/et_pb_section][et_pb_section fb_built=&#8220;1&#8243; _builder_version=&#8220;4.16&#8243; _module_preset=&#8220;default&#8220; global_colors_info=&#8220;{}&#8220;][et_pb_row _builder_version=&#8220;4.16&#8243; _module_preset=&#8220;default&#8220; global_colors_info=&#8220;{}&#8220;][et_pb_column type=&#8220;4_4&#8243; _builder_version=&#8220;4.16&#8243; _module_preset=&#8220;default&#8220; global_colors_info=&#8220;{}&#8220;][et_pb_text _builder_version=&#8220;4.16&#8243; _module_preset=&#8220;default&#8220; text_font=&#8220;Oswald||||||||&#8220; text_font_size=&#8220;20px&#8220; header_text_align=&#8220;center&#8220; header_font_size=&#8220;35px&#8220; global_colors_info=&#8220;{}&#8220;]<\/p>\n<h1>WAS IST DIE GESCHICHTE UNSERER WAGGONS?<\/h1>\n<p>[\/et_pb_text][\/et_pb_column][\/et_pb_row][et_pb_row column_structure=&#8220;1_2,1_2&#8243; _builder_version=&#8220;4.16&#8243; _module_preset=&#8220;default&#8220; global_colors_info=&#8220;{}&#8220;][et_pb_column type=&#8220;1_2&#8243; _builder_version=&#8220;4.16&#8243; _module_preset=&#8220;default&#8220; global_colors_info=&#8220;{}&#8220;][et_pb_image src=&#8220;https:\/\/vagonynahorach.cz\/wp-content\/uploads\/2021\/11\/Praha-Hostivar-22.4.2010-5.jpg&#8220; title_text=&#8220;Prag Hostiva\u0159 22.04.2010 (5)&#8220; _builder_version=&#8220;4.16&#8243; _module_preset=&#8220;default&#8220; global_colors_info=&#8220;{}&#8220;][\/et_pb_image][\/et_pb_column][et_pb_column type=&#8220;1_2&#8243; _builder_version=&#8220;4.16&#8243; _module_preset=&#8220;default&#8220; global_colors_info=&#8220;{}&#8220;][et_pb_text _builder_version=&#8220;4.16&#8243; _module_preset=&#8220;default&#8220; text_font=&#8220;Oswald||||||||&#8220; text_font_size=&#8220;19px&#8220; text_letter_spacing=&#8220;1px&#8220; text_line_height=&#8220;1.4em&#8220; global_colors_info=&#8220;{}&#8220;]<\/p>\n<p>Der graue H\u00fcttelwagen erblickte 1955 in \u010cesk\u00e1 l\u00edpa das Licht der Welt. Er erhielt die Seriennummer 20503 und diente bei der \u010cD Cargo unter der Bezeichnung 30 54 940 5462-3. Es ist uns gelungen, ein Foto unseres Wagens aus dem Jahr 2010 am Bahnhof Prag-Hostiva\u0159 zu machen, kurz nach seiner letzten Reparatur in der Werkstatt. Neun Jahre sp\u00e4ter fanden wir es in einem d\u00fcrftigen Zustand am Bahnhof \u00dast\u00ed nad Labem &#8211; Z\u00e1pad. Dort hatte er bereits seine nicht zahlenden Mieter und wartete auf die Flammen des Autogens. Aber im Juli 2020 fuhr eine Lokomotive zusammen mit drei anderen kleinen Br\u00fcdern aus dem Depot und nach einer mehrt\u00e4gigen Fahrt und mehreren Schichten kamen alle vier im Bahnhof Kov\u00e1\u0159sk\u00e1 an. Nachdem sie dort auf das l\u00e4ngst stillgelegte Gleis 4 gesetzt worden waren, begannen sie nach einem gr\u00fcndlichen Umbau ihr neues Leben zu leben.       <\/p>\n<p>[\/et_pb_text][\/et_pb_column][\/et_pb_row][et_pb_row column_structure=&#8220;1_2,1_2&#8243; _builder_version=&#8220;4.16&#8243; _module_preset=&#8220;default&#8220; global_colors_info=&#8220;{}&#8220;][et_pb_column type=&#8220;1_2&#8243; _builder_version=&#8220;4.16&#8243; _module_preset=&#8220;default&#8220; global_colors_info=&#8220;{}&#8220;][et_pb_text _builder_version=&#8220;4.16&#8243; _module_preset=&#8220;default&#8220; text_font=&#8220;Oswald||||||||&#8220; text_font_size=&#8220;19px&#8220; text_letter_spacing=&#8220;1px&#8220; text_line_height=&#8220;1.4em&#8220; global_colors_info=&#8220;{}&#8220;]<\/p>\n<p>H\u00fcttelwagen wurden nur von Tatra, Werk \u010cesk\u00e1 L\u00edpa, in den Jahren 1948, 1950-1951, 1955 und 1957 hergestellt. Insgesamt produzierte sie 1.358 davon, alle f\u00fcr die \u010cSD.  <\/p>\n<p>Darunter war auch unser gr\u00fcner H\u00fcttelwagen, der 1957 die Produktionshalle in \u010cesk\u00e1 L\u00edpa mit der Bezeichnung Ds 8-5188 verlie\u00df, entsprechend dem neuen Nummernschema aus demselben Jahr. Sp\u00e4ter lief er unter der Bezeichnung 30 54 940 7392-0. Die Schilder mit dieser Zahlenkombination haben wir noch, wir haben sie vor dem Umbau abgenommen.  <\/p>\n<p>[\/et_pb_text][\/et_pb_column][et_pb_column type=&#8220;1_2&#8243; _builder_version=&#8220;4.16&#8243; _module_preset=&#8220;default&#8220; global_colors_info=&#8220;{}&#8220;][et_pb_image src=&#8220;https:\/\/vagonynahorach.cz\/wp-content\/uploads\/2021\/11\/IMG_6334-scaled.jpg&#8220; title_text=&#8220;IMG_6334&#8243; _builder_version=&#8220;4.16&#8243; _module_preset=&#8220;default&#8220; global_colors_info=&#8220;{}&#8220;][\/et_pb_image][\/et_pb_column][\/et_pb_row][\/et_pb_section][et_pb_section fb_built=&#8220;1&#8243; _builder_version=&#8220;4.16&#8243; _module_preset=&#8220;default&#8220; background_image=&#8220;https:\/\/vagonynahorach.cz\/wp-content\/uploads\/2021\/11\/AB21A490-3686-4F2F-ACE5-3BFD21D3BFAB-scaled.jpeg&#8220; global_colors_info=&#8220;{}&#8220;][et_pb_row _builder_version=&#8220;4.16&#8243; _module_preset=&#8220;default&#8220; global_colors_info=&#8220;{}&#8220;][et_pb_column type=&#8220;4_4&#8243; _builder_version=&#8220;4.16&#8243; _module_preset=&#8220;default&#8220; global_colors_info=&#8220;{}&#8220;][et_pb_text _builder_version=&#8220;4.16&#8243; _module_preset=&#8220;default&#8220; text_font=&#8220;Oswald||||||||&#8220; text_text_color=&#8220;#FFFFFF&#8220; text_font_size=&#8220;20px&#8220; header_text_align=&#8220;center&#8220; header_font_size=&#8220;35px&#8220; inline_fonts=&#8220;Oswald&#8220; global_colors_info=&#8220;{}&#8220;][\/et_pb_text][\/et_pb_column][\/et_pb_row][et_pb_row column_structure=&#8220;1_2,1_2&#8243; _builder_version=&#8220;4.16&#8243; _module_preset=&#8220;default&#8220; global_colors_info=&#8220;{}&#8220;][et_pb_column type=&#8220;1_2&#8243; _builder_version=&#8220;4.16&#8243; _module_preset=&#8220;default&#8220; global_colors_info=&#8220;{}&#8220;][\/et_pb_column][et_pb_column type=&#8220;1_2&#8243; _builder_version=&#8220;4.16&#8243; _module_preset=&#8220;default&#8220; global_colors_info=&#8220;{}&#8220;][et_pb_text _builder_version=&#8220;4.16&#8243; _module_preset=&#8220;default&#8220; text_font=&#8220;Oswald||||||||&#8220; text_text_color=&#8220;#FFFFFF&#8220; text_font_size=&#8220;22px&#8220; global_colors_info=&#8220;{}&#8220;][\/et_pb_text][\/et_pb_column][\/et_pb_row][\/et_pb_section]<\/p>\n","protected":false},"excerpt":{"rendered":"<p>waggons in Kov\u00e1\u0159sk\u00e1 Was w\u00e4re das f\u00fcr ein Bahnhof, wenn er nicht mindestens einen Waggon h\u00e4tte? Diese Frage kam uns in den Sinn, als wir uns den Bahnhof in Kov\u00e1\u0159sk\u00e1 von klein bis gro\u00df ansahen. Es gab eine Zeit, in der mehrere Z\u00fcge pro Tag hier durchfuhren. Und jetzt ist es so still! Wir m\u00f6gen [&hellip;]<\/p>\n","protected":false},"author":1,"featured_media":0,"parent":0,"menu_order":0,"comment_status":"closed","ping_status":"closed","template":"","meta":{"_et_pb_use_builder":"on","_et_pb_old_content":"","_et_gb_content_width":"","footnotes":""},"class_list":["post-1628","page","type-page","status-publish","hentry"],"_links":{"self":[{"href":"https:\/\/vagonynahorach.cz\/de\/wp-json\/wp\/v2\/pages\/1628","targetHints":{"allow":["GET"]}}],"collection":[{"href":"https:\/\/vagonynahorach.cz\/de\/wp-json\/wp\/v2\/pages"}],"about":[{"href":"https:\/\/vagonynahorach.cz\/de\/wp-json\/wp\/v2\/types\/page"}],"author":[{"embeddable":true,"href":"https:\/\/vagonynahorach.cz\/de\/wp-json\/wp\/v2\/users\/1"}],"replies":[{"embeddable":true,"href":"https:\/\/vagonynahorach.cz\/de\/wp-json\/wp\/v2\/comments?post=1628"}],"version-history":[{"count":0,"href":"https:\/\/vagonynahorach.cz\/de\/wp-json\/wp\/v2\/pages\/1628\/revisions"}],"wp:attachment":[{"href":"https:\/\/vagonynahorach.cz\/de\/wp-json\/wp\/v2\/media?parent=1628"}],"curies":[{"name":"wp","href":"https:\/\/api.w.org\/{rel}","templated":true}]}}