{"id":1614,"date":"2021-11-05T07:11:09","date_gmt":"2021-11-05T07:11:09","guid":{"rendered":"https:\/\/vagonynahorach.cz\/preisliste\/"},"modified":"2026-01-15T19:53:34","modified_gmt":"2026-01-15T19:53:34","slug":"preisliste","status":"publish","type":"page","link":"https:\/\/vagonynahorach.cz\/de\/preisliste\/","title":{"rendered":"PREISLISTE"},"content":{"rendered":"<p>[et_pb_section fb_built=&#8220;1&#8243; admin_label=&#8220;Products Section&#8220; _builder_version=&#8220;4.27.5&#8243; custom_padding=&#8220;0px|0px|120px|0px||&#8220; global_colors_info=&#8220;{}&#8220;][et_pb_row admin_label=&#8220;Abschnittskopfzeile&#8220; _builder_version=&#8220;4.16&#8243; custom_padding=&#8220;0px|0px|27px|0px&#8220; global_colors_info=&#8220;{}&#8220;][et_pb_column type=&#8220;4_4&#8243; _builder_version=&#8220;4.16&#8243; custom_padding=&#8220;|||&#8220; global_colors_info=&#8220;{}&#8220; custom_padding__hover=&#8220;|||&#8220;][et_pb_text admin_label=&#8220;Tittle &#038; Paragraph&#8220; _builder_version=&#8220;4.25.0&#8243; text_font=&#8220;Oswald|600|||||||&#8220; text_font_size=&#8220;20px&#8220; text_letter_spacing=&#8220;1px&#8220; text_line_height=&#8220;1.8em&#8220; link_font=&#8220;||||||||&#8220; ul_font=&#8220;||||||||&#8220; ol_font=&#8220;||||||||&#8220; quote_font=&#8220;||||||||&#8220; header_font=&#8220;||||||||&#8220; header_2_font=&#8220;Oswald|||on|||||&#8220; header_2_font_size=&#8220;45px&#8220; header_2_letter_spacing=&#8220;3px&#8220; header_2_line_height=&#8220;1.4em&#8220; text_orientation=&#8220;center&#8220; max_width=&#8220;735px&#8220; module_alignment=&#8220;center&#8220; custom_margin=&#8220;40px|||&#8220; custom_margin_tablet=&#8220;0px|||&#8220; custom_margin_phone=&#8220;|||&#8220; custom_margin_last_edited=&#8220;on|phone&#8220; custom_padding=&#8220;||0px|||&#8220; global_colors_info=&#8220;{}&#8220;]<\/p>\n<h2>PREISLISTE F\u00dcR DIE UNTERBRINGUNG IN WAGGONS<\/h2>\n<p><b>Die Preise gelten f\u00fcr den ganzen Waggon f\u00fcr maximal 3 Erwachsene oder 2 Erwachsene und 2 Kinder. <\/b><b>Grundvoraussetzung ist eine Unterkunft f\u00fcr mindestens die n\u00e4chsten zwei N\u00e4chte.<\/b><b><\/b><\/p>\n<p>[\/et_pb_text][\/et_pb_column][\/et_pb_row][et_pb_row _builder_version=&#8220;4.16&#8243; _module_preset=&#8220;default&#8220; global_colors_info=&#8220;{}&#8220;][et_pb_column type=&#8220;4_4&#8243; _builder_version=&#8220;4.16&#8243; _module_preset=&#8220;default&#8220; global_colors_info=&#8220;{}&#8220;][et_pb_text _builder_version=&#8220;4.27.5&#8243; _module_preset=&#8220;default&#8220; text_font=&#8220;Oswald||||||||&#8220; text_font_size=&#8220;20px&#8220; text_line_height=&#8220;1.8em&#8220; inline_fonts=&#8220;ABeeZee&#8220; global_colors_info=&#8220;{}&#8220;]<\/p>\n<p style=\"text-align: center;\"><span style=\"font-size: x-large;\"> <b> <span style=\"color: #000000;\">Von 116 EUR<\/span><\/b><b><span style=\"color: #000000;\"> bis 136 EUR CZK pro Nacht und Waggon<\/span><\/b><\/span><\/p>\n<p style=\"text-align: center;\"><span style=\"font-size: x-large;\"><b><span style=\"color: #000000;\">Ausgenommen sind Feiertags- und Ferienpauschalen<\/span><\/b><\/span><\/p>\n<p style=\"text-align: center;\">Um den Preis f\u00fcr ein bestimmtes Datum zu erfahren, klicken Sie auf den Buchungskalender.<\/p>\n<p><b><\/b><\/p>\n<p style=\"text-align: center;\"><span style=\"color: #000000;\"><strong><\/strong><\/span><\/p>\n<h2 style=\"text-align: center;\"><b>Urlaubspakete 2026 und 2027:<\/b><span style=\"color: #000000;\"> <\/span><b><\/b><\/h2>\n<p><span style=\"color: #000000;\"><\/span><\/p>\n<p style=\"text-align: center;\">An den folgenden Daten kann nur das komplette Mehrtagespaket zum angegebenen Preis gebucht werden. Dabei handelt es sich meist um Feiertage und Ferien:<\/p>\n<p style=\"text-align: center;\"><strong><span style=\"color: #000000;\"><span style=\"font-weight: 400;\"><b><span style=\"color: #666666;\"><span style=\"color: #000000;\">Winter<\/span><span style=\"font-weight: 400; color: #666666;\"> (18. \u2013 23. Januar 2026)<\/span><\/span> 400 EUR \/5 N\u00e4chte<\/b><\/span><\/span><\/strong><\/p>\n<p style=\"text-align: center;\"><strong><span style=\"color: #000000;\"><span style=\"font-weight: 400;\"><b><span style=\"color: #666666;\"><span style=\"color: #000000;\">Winterferien<\/span><span style=\"font-weight: 400; color: #666666;\"> (29. Januar \u2013 1. Februar 2026)<\/span><\/span> 420 EUR \/3 N\u00e4chte<\/b><\/span><\/span><\/strong><\/p>\n<p style=\"text-align: center;\"><strong><span style=\"color: #000000;\"><span style=\"font-weight: 400;\"><b><span style=\"color: #666666;\"><span style=\"color: #000000;\">Ostern<\/span><span style=\"font-weight: 400; color: #666666;\"> (1. \u2013 6. April 2026)<\/span><\/span> 600 EUR \/5 N\u00e4chte<\/b><\/span><\/span><\/strong><\/p>\n<p style=\"text-align: center;\"><strong><span style=\"color: #000000;\"><span style=\"font-weight: 400;\"><b><span style=\"color: #666666;\"><span style=\"color: #000000;\">Maifeiertage I.<\/span><span style=\"font-weight: 400; color: #666666;\"> (30. April \u2013 1. Mai 2026)<\/span><\/span> 400 EUR \/3 N\u00e4chte<\/b><\/span><\/span><\/strong><\/p>\n<p style=\"text-align: center;\"><strong><span style=\"color: #000000;\"><span style=\"font-weight: 400;\"><b><span style=\"color: #666666;\"><span style=\"color: #000000;\">Maifeiertage II.<\/span><span style=\"font-weight: 400; color: #666666;\"> (7. \u2013 10. Mai 2026)<\/span><\/span> 400 EUR \/3 N\u00e4chte<\/b><\/span><\/span><\/strong><\/p>\n<p style=\"text-align: center;\"><b><span style=\"color: #000000;\">Altweibersommer<\/span> <span style=\"color: #666666;\"><span style=\"font-weight: normal; font-family: inherit;\">(13. \u2013 20. September 2026)<\/span><\/span><\/b><span style=\"color: #000000;\"><strong> 640 EUR \/7 N\u00e4chte<\/strong><\/span><\/p>\n<p style=\"text-align: center;\"><strong><span style=\"color: #000000;\"><span style=\"font-weight: 400;\"><b><span style=\"color: #666666;\"><span style=\"color: #000000;\">St. Wenzel<\/span><span style=\"font-weight: 400; color: #666666;\"> (25. \u2013 28. September 2026)<\/span><\/span> 400 EUR \/3 N\u00e4chte<\/b><\/span><\/span><\/strong><\/p>\n<p style=\"text-align: center;\"><strong><span style=\"color: #000000;\"><span style=\"font-weight: 400;\"><b><span style=\"color: #666666;\"><span style=\"color: #000000;\">Herbstferien<\/span><span style=\"font-weight: 400; color: #666666;\"> (27. Oktober \u2013 1. November 2026)<\/span><\/span> 600 EUR \/5 N\u00e4chte<\/b><\/span><\/span><\/strong><\/p>\n<p style=\"text-align: center;\"><strong><span style=\"color: #000000;\"><span style=\"font-weight: 400;\"><b><span style=\"color: #666666;\"><span style=\"color: #000000;\">November<\/span><span style=\"font-weight: 400; color: #666666;\"> (13. \u2013 17. November 2026)<\/span><\/span> 400 EUR \/4 N\u00e4chte<\/b><\/span><\/span><\/strong><\/p>\n<p style=\"text-align: center;\"><strong><span style=\"color: #000000;\"><span style=\"font-weight: 400;\"><b><span style=\"color: #666666;\"><span style=\"color: #000000;\">Weihnachten<\/span><span style=\"font-weight: 400; color: #666666;\"> (23. \u2013 27. Dezember 2026)<\/span><\/span> 480 EUR \/4 N\u00e4chte<\/b><\/span><\/span><\/strong><\/p>\n<p style=\"text-align: center;\"><strong><span style=\"color: #000000;\"><span style=\"font-weight: 400;\"><b><span style=\"color: #666666;\"><span style=\"color: #000000;\">Silvester 2026\/2027<\/span><span style=\"font-weight: 400; color: #666666;\"> (31. Dezember 2026 \u2013 3. Januar 2027)<\/span><\/span> 600 EUR \/3 N\u00e4chte<\/b><\/span><\/span><\/strong><\/p>\n<p style=\"text-align: center;\"><strong><span style=\"color: #000000;\"><span style=\"font-weight: 400;\"><b><span style=\"color: #666666;\"><span style=\"color: #000000;\">Winterferien<\/span><span style=\"font-weight: 400; color: #666666;\"> (28. \u2013 31. Januar 2027)<\/span><\/span> 400 EUR \/3 N\u00e4chte<\/b><\/span><\/span><\/strong><\/p>\n<p style=\"text-align: center;\"><strong><span style=\"color: #000000;\"><span style=\"font-weight: 400;\"><b><span style=\"color: #666666;\"><span style=\"color: #000000;\">Ostern<\/span><span style=\"font-weight: 400; color: #666666;\"> (25. \u2013 29. M\u00e4rz 2027)<\/span><\/span> 600 EUR \/4 N\u00e4chte<\/b><\/span><\/span><\/strong><\/p>\n<p style=\"text-align: center;\"><strong><span style=\"color: #000000;\"><span style=\"font-weight: 400;\"><b><span style=\"color: #666666;\"><span style=\"color: #000000;\">Maiwoche<\/span><span style=\"font-weight: 400; color: #666666;\"> (23. \u2013 30. Mai 2027)<\/span><\/span> 600 EUR \/7 N\u00e4chte<\/b><\/span><\/span><\/strong><strong><span style=\"color: #000000;\"><span style=\"font-weight: 400;\"><b><\/b><\/span><\/span><\/strong><\/p>\n<p style=\"text-align: center;\"><strong><span style=\"color: #000000;\"><span style=\"font-weight: 400;\"><b><span style=\"color: #666666;\"><span style=\"color: #000000;\">Augustwoche<span style=\"font-weight: 400; color: #666666;\"> (15. \u2013 22. August 2027)<\/span> 720 EUR \/7 N\u00e4chte<\/span><\/span><\/b><\/span><\/span><\/strong><\/p>\n<p style=\"text-align: center;\"><strong><span style=\"color: #000000;\"><span style=\"font-weight: 400;\"><b><span style=\"color: #666666;\"><span style=\"color: #000000;\">Septemberwoche<\/span><span style=\"font-weight: 400; color: #666666;\"> (12. \u2013 19. September 2027)<\/span><\/span> 600 EUR \/7 N\u00e4chte<\/b><\/span><\/span><\/strong><\/p>\n<p style=\"text-align: center;\"><strong><span style=\"color: #000000;\"><span style=\"font-weight: 400;\"><b><span style=\"color: #666666;\"><span style=\"color: #000000;\">St.-Wenzel<\/span><span style=\"font-weight: 400; color: #666666;\">\u00a0(24. \u2013 28. September 2027)<\/span><\/span> 520 EUR \/4 N\u00e4chte<\/b><\/span><\/span><\/strong><\/p>\n<p style=\"text-align: center;\"><strong><span style=\"color: #000000;\"><span style=\"font-weight: 400;\"><b><span style=\"color: #666666;\"><span style=\"color: #000000;\">Herbstferien<\/span><span style=\"font-weight: 400; color: #666666;\"> (26. \u2013 31. Oktober 2027)<\/span><\/span> 640 EUR \/5 N\u00e4chte<\/b><\/span><\/span><\/strong><\/p>\n<p style=\"text-align: center;\"><strong><span style=\"color: #000000;\"><span style=\"font-weight: 400;\"><b><span style=\"color: #666666;\"><span style=\"color: #000000;\">Weihnachten<\/span><span style=\"font-weight: 400; color: #666666;\"> (23. \u2013 26. Dezember 2027)<\/span><\/span> 480 EUR \/3 N\u00e4chte<\/b><\/span><\/span><\/strong><\/p>\n<p style=\"text-align: center;\"><strong><span style=\"color: #000000;\"><span style=\"font-weight: 400;\"><b><span style=\"color: #666666;\"><span style=\"color: #000000;\">Silvester 2027\/2028<\/span><span style=\"font-weight: 400; color: #666666;\"> (31. Dezember 2027 \u2013 2. Januar 2028)<\/span><\/span> 400 EUR \/2 N\u00e4chte<\/b><\/span><\/span><\/strong><\/p>\n<p>[\/et_pb_text][\/et_pb_column][\/et_pb_row][et_pb_row admin_label=&#8220;Abschnittskopfzeile&#8220; _builder_version=&#8220;4.16&#8243; custom_padding=&#8220;0px|0px|27px|0px&#8220; global_colors_info=&#8220;{}&#8220;][et_pb_column type=&#8220;4_4&#8243; _builder_version=&#8220;4.16&#8243; custom_padding=&#8220;|||&#8220; global_colors_info=&#8220;{}&#8220; custom_padding__hover=&#8220;|||&#8220;][et_pb_text admin_label=&#8220;Tittle &#038; Paragraph&#8220; _builder_version=&#8220;4.25.0&#8243; text_font=&#8220;Oswald|600|||||||&#8220; text_font_size=&#8220;20px&#8220; text_letter_spacing=&#8220;1px&#8220; text_line_height=&#8220;1.8em&#8220; link_font=&#8220;||||||||&#8220; ul_font=&#8220;||||||||&#8220; ol_font=&#8220;||||||||&#8220; quote_font=&#8220;||||||||&#8220; header_font=&#8220;||||||||&#8220; header_2_font=&#8220;Oswald|||on|||||&#8220; header_2_font_size=&#8220;45px&#8220; header_2_letter_spacing=&#8220;3px&#8220; header_2_line_height=&#8220;1.4em&#8220; text_orientation=&#8220;center&#8220; max_width=&#8220;735px&#8220; module_alignment=&#8220;center&#8220; custom_margin=&#8220;40px|||&#8220; custom_margin_tablet=&#8220;0px|||&#8220; custom_margin_phone=&#8220;|||&#8220; custom_margin_last_edited=&#8220;on|phone&#8220; custom_padding=&#8220;||0px|||&#8220; global_colors_info=&#8220;{}&#8220;]<\/p>\n<h2>PREISLISTE des w\u00e4chterhauses<\/h2>\n<p><strong>Die Preise gelten f\u00fcr das gesamte Haus f\u00fcr maximal 4 Erwachsene oder eine f\u00fcnfk\u00f6pfige Familie mit Kindern. <\/strong><strong>Die Grundvoraussetzung ist ein Minimum von zwei \u00dcbernachtungen.<\/strong><\/p>\n<p>&nbsp;<\/p>\n<p>[\/et_pb_text][\/et_pb_column][\/et_pb_row][et_pb_row _builder_version=&#8220;4.16&#8243; _module_preset=&#8220;default&#8220; global_colors_info=&#8220;{}&#8220;][et_pb_column type=&#8220;4_4&#8243; _builder_version=&#8220;4.16&#8243; _module_preset=&#8220;default&#8220; global_colors_info=&#8220;{}&#8220;][et_pb_text _builder_version=&#8220;4.27.5&#8243; _module_preset=&#8220;default&#8220; text_font=&#8220;Oswald||||||||&#8220; text_font_size=&#8220;20px&#8220; text_line_height=&#8220;1.8em&#8220; inline_fonts=&#8220;ABeeZee&#8220; global_colors_info=&#8220;{}&#8220;]<\/p>\n<p style=\"text-align: center;\"><span style=\"font-size: x-large;\"> <b> <span style=\"color: #000000;\">von 156 EUR<\/span><\/b><b><span style=\"color: #000000;\"> bis 184 EUR pro Nacht f\u00fcr W\u00e4chterhaus<\/span><\/b><\/span><\/p>\n<p style=\"text-align: center;\"><span style=\"font-size: x-large;\"><b><span style=\"color: #000000;\">Ausgenommen sind Feiertags- und Ferienpauschalen<\/span><\/b><\/span><\/p>\n<p style=\"text-align: center;\">Um den Preis f\u00fcr ein bestimmtes Datum zu erfahren, klicken Sie auf den Buchungskalender. Aus betrieblichen Gr\u00fcnden k\u00f6nnen Aufenthalte an Sonntagen nicht beginnen. Danke f\u00fcr Ihr Verst\u00e4ndnis.<\/p>\n<p><b><\/b><\/p>\n<p style=\"text-align: center;\"><span style=\"color: #000000;\"><strong><\/strong><\/span><\/p>\n<h2 style=\"text-align: center;\"><b>Urlaubspakete 2026 und 2027:<\/b><\/h2>\n<p style=\"text-align: center;\">An den folgenden Daten kann nur das komplette Mehrtagespaket zum angegebenen Preis gebucht werden. Dabei handelt es sich meist um Feiertage und Ferien:<\/p>\n<p style=\"text-align: center;\"><span style=\"color: #000000;\"><strong>Winter<\/strong><\/span>\u00a0<span style=\"color: #666666;\">(18. \u2013 23. Januar)<\/span> <span style=\"color: #000000;\"><strong>600 EUR \/5 N\u00e4chte<\/strong><\/span><\/p>\n<p style=\"text-align: center;\"><span style=\"color: #000000;\"><strong>Winterferien<\/strong><\/span>\u00a0<span style=\"color: #666666;\">(29. Januar \u2013 1. Februar)<\/span> <span style=\"color: #000000;\"><strong>480 EUR \/3 N\u00e4chte<\/strong><\/span><\/p>\n<p style=\"text-align: center;\"><span style=\"color: #000000;\"><strong>Ostern<\/strong><\/span>\u00a0<span style=\"color: #666666;\">(1. \u2013 6. April 2026)<\/span> <span style=\"color: #000000;\"><strong>720 EUR \/5 N\u00e4chte<\/strong><\/span><\/p>\n<p style=\"text-align: center;\"><span style=\"color: #000000;\"><strong>Maifeiertage I.<\/strong><\/span>\u00a0<span style=\"color: #666666;\">(30. April \u2013 1. Mai 2026)<\/span> <span style=\"color: #000000;\"><strong>480 EUR \/3 N\u00e4chte<\/strong><\/span><\/p>\n<p style=\"text-align: center;\"><span style=\"color: #000000;\"><strong>Maifeiertage II.<\/strong><\/span>\u00a0<span style=\"color: #666666;\">(7. \u2013 10. Mai 2026)<\/span> <span style=\"color: #000000;\"><strong>480 EUR \/3 N\u00e4chte<\/strong><\/span><\/p>\n<p style=\"text-align: center;\"><span style=\"color: #000000;\"><strong>Altweibersommer<\/strong><\/span> <span style=\"color: #666666;\">(13. \u2013 20. September 2026)<\/span> <span style=\"color: #000000;\"><strong>800 EUR \/5 N\u00e4chte<\/strong><\/span><\/p>\n<p style=\"text-align: center;\"><span style=\"color: #000000;\"><strong>St.-Wenzel<\/strong><\/span>\u00a0<span style=\"color: #666666;\">(25. \u2013 28. September 2026)<\/span> <span style=\"color: #000000;\"><strong>480 EUR \/3 N\u00e4chte<\/strong><\/span><\/p>\n<p style=\"text-align: center;\"><span style=\"color: #000000;\"><strong>Herbst<\/strong><\/span> <span style=\"color: #666666;\">(27. Oktober \u2013 1. November 2026)<\/span> <span style=\"color: #000000;\"><strong>800 EUR \/5 N\u00e4chte<\/strong><\/span><\/p>\n<p style=\"text-align: center;\"><span style=\"color: #000000;\"><strong>November<\/strong><\/span>\u00a0<span style=\"color: #666666;\">(13. \u2013 17. November 2026)<\/span> <span style=\"color: #000000;\"><strong>520 EUR \/4 N\u00e4chte<\/strong><\/span><\/p>\n<p style=\"text-align: center;\"><span style=\"color: #000000;\"><strong>Winterferien<\/strong><\/span> <span style=\"color: #666666;\">(28. \u2013 31. Januar 2027)<\/span> <span style=\"color: #000000;\"><strong>520 EUR \/3 N\u00e4chte<\/strong><\/span><\/p>\n<p style=\"text-align: center;\"><span style=\"color: #000000;\"><strong>Ostern<\/strong><\/span> <span style=\"color: #666666;\">(25. \u2013 29. M\u00e4rz 2027)<\/span> <span style=\"color: #000000;\"><strong>720 EUR \/4 N\u00e4chte<\/strong><\/span><\/p>\n<p style=\"text-align: center;\"><span style=\"color: #000000;\"><strong>Maiwoche<\/strong><\/span> <span style=\"color: #666666;\">(23. \u2013 30. Mai 2027)<\/span> <span style=\"color: #000000;\"><strong>760 EUR \/7 N\u00e4chte<\/strong><\/span><\/p>\n<p style=\"text-align: center;\"><span style=\"color: #000000;\"><strong>Septemberwoche<\/strong><\/span> <span style=\"color: #666666;\">(12. \u2013 19. September 2027)<\/span> <span style=\"color: #000000;\"><strong>800 EUR \/7 N\u00e4chte<\/strong><\/span><\/p>\n<p style=\"text-align: center;\"><span style=\"color: #000000;\"><strong>St.-Wenzel<\/strong><\/span>\u00a0<span style=\"color: #666666;\">(24. \u2013 28. September 2027)<\/span> <span style=\"color: #000000;\"><strong>640 EUR \/4 N\u00e4chte<\/strong><\/span><\/p>\n<p style=\"text-align: center;\"><span style=\"color: #000000;\"><strong>Herbstferien<\/strong><\/span> <span style=\"color: #666666;\">(26. \u2013 31. Oktober 2027)<\/span> <span style=\"color: #000000;\"><strong>760 EUR \/5 N\u00e4chte<\/strong><\/span><\/p>\n<p style=\"text-align: center;\"><span style=\"color: #000000;\"><strong>Weihnachten<\/strong><\/span> <span style=\"color: #666666;\">(23. \u2013 26. Dezember 2027)<\/span> <span style=\"color: #000000;\"><strong>720 EUR \/3 N\u00e4chte<\/strong><\/span><\/p>\n<p style=\"text-align: center;\"><span style=\"color: #000000;\"><strong>Silvester 2027\/2028<\/strong><\/span> <span style=\"color: #666666;\">(31. Dezember 2027 \u2013 2. Januar 2028)<\/span> <span style=\"color: #000000;\"><strong>600 EUR \/2 N\u00e4chte<\/strong><\/span><\/p>\n<p>[\/et_pb_text][\/et_pb_column][\/et_pb_row][\/et_pb_section]<\/p>\n","protected":false},"excerpt":{"rendered":"<p>PREISLISTE F\u00dcR DIE UNTERBRINGUNG IN WAGGONS Die Preise gelten f\u00fcr den ganzen Waggon f\u00fcr maximal 3 Erwachsene oder 2 Erwachsene und 2 Kinder. Grundvoraussetzung ist eine Unterkunft f\u00fcr mindestens die n\u00e4chsten zwei N\u00e4chte. Von 116 EUR bis 136 EUR CZK pro Nacht und Waggon Ausgenommen sind Feiertags- und Ferienpauschalen Um den Preis f\u00fcr ein bestimmtes [&hellip;]<\/p>\n","protected":false},"author":1,"featured_media":0,"parent":0,"menu_order":0,"comment_status":"closed","ping_status":"closed","template":"","meta":{"_et_pb_use_builder":"on","_et_pb_old_content":"","_et_gb_content_width":"","footnotes":""},"class_list":["post-1614","page","type-page","status-publish","hentry"],"_links":{"self":[{"href":"https:\/\/vagonynahorach.cz\/de\/wp-json\/wp\/v2\/pages\/1614","targetHints":{"allow":["GET"]}}],"collection":[{"href":"https:\/\/vagonynahorach.cz\/de\/wp-json\/wp\/v2\/pages"}],"about":[{"href":"https:\/\/vagonynahorach.cz\/de\/wp-json\/wp\/v2\/types\/page"}],"author":[{"embeddable":true,"href":"https:\/\/vagonynahorach.cz\/de\/wp-json\/wp\/v2\/users\/1"}],"replies":[{"embeddable":true,"href":"https:\/\/vagonynahorach.cz\/de\/wp-json\/wp\/v2\/comments?post=1614"}],"version-history":[{"count":0,"href":"https:\/\/vagonynahorach.cz\/de\/wp-json\/wp\/v2\/pages\/1614\/revisions"}],"wp:attachment":[{"href":"https:\/\/vagonynahorach.cz\/de\/wp-json\/wp\/v2\/media?parent=1614"}],"curies":[{"name":"wp","href":"https:\/\/api.w.org\/{rel}","templated":true}]}}